{"id":913,"date":"2023-06-22T09:08:32","date_gmt":"2023-06-22T09:08:32","guid":{"rendered":"https:\/\/tirabuzoncadiz.com\/?page_id=913"},"modified":"2026-03-12T14:16:08","modified_gmt":"2026-03-12T13:16:08","slug":"somos","status":"publish","type":"page","link":"https:\/\/tirabuzoncadiz.com\/en\/somos\/","title":{"rendered":"About us"},"content":{"rendered":"<div data-elementor-type=\"wp-page\" data-elementor-id=\"913\" class=\"elementor elementor-913\" data-elementor-post-type=\"page\">\n\t\t\t\t<div class=\"elementor-element elementor-element-4986c8a e-flex e-con-boxed e-con e-parent\" data-id=\"4986c8a\" data-element_type=\"container\" data-e-type=\"container\">\n\t\t\t\t\t<div class=\"e-con-inner\">\n\t\t\t\t<div class=\"elementor-element elementor-element-20382a9 elementor-widget-divider--view-line elementor-invisible elementor-widget elementor-widget-divider\" data-id=\"20382a9\" data-element_type=\"widget\" data-e-type=\"widget\" data-settings=\"{&quot;_animation&quot;:&quot;fadeInRight&quot;}\" data-widget_type=\"divider.default\">\n\t\t\t\t\t\t\t<div class=\"elementor-divider\">\n\t\t\t<span class=\"elementor-divider-separator\">\n\t\t\t\t\t\t<\/span>\n\t\t<\/div>\n\t\t\t\t\t\t<\/div>\n\t\t<div class=\"elementor-element elementor-element-e18f4d1 e-con-full e-flex e-con e-parent\" data-id=\"e18f4d1\" data-element_type=\"container\" data-e-type=\"container\">\n\t\t\t\t<div class=\"elementor-element elementor-element-f3d9866 animated-fast elementor-invisible elementor-widget elementor-widget-image\" data-id=\"f3d9866\" data-element_type=\"widget\" data-e-type=\"widget\" data-settings=\"{&quot;_animation&quot;:&quot;fadeIn&quot;}\" data-widget_type=\"image.default\">\n\t\t\t\t\t\t\t\t\t\t\t\t\t\t\t<img fetchpriority=\"high\" decoding=\"async\" width=\"724\" height=\"972\" src=\"https:\/\/tirabuzoncadiz.com\/wp-content\/uploads\/2023\/06\/equipo-tirabuzon.webp\" class=\"attachment-full size-full wp-image-916\" alt=\"Tirabuz\u00f3n\" srcset=\"https:\/\/tirabuzoncadiz.com\/wp-content\/uploads\/2023\/06\/equipo-tirabuzon.webp 724w, https:\/\/tirabuzoncadiz.com\/wp-content\/uploads\/2023\/06\/equipo-tirabuzon-223x300.webp 223w\" sizes=\"(max-width: 724px) 100vw, 724px\" \/>\t\t\t\t\t\t\t\t\t\t\t\t\t\t\t<\/div>\n\t\t\t\t<\/div>\n\t\t<div class=\"elementor-element elementor-element-5a1f309 e-con-full e-flex e-con e-parent\" data-id=\"5a1f309\" data-element_type=\"container\" data-e-type=\"container\">\n\t\t\t\t<div class=\"elementor-element elementor-element-6d09f78 elementor-widget elementor-widget-heading\" data-id=\"6d09f78\" data-element_type=\"widget\" data-e-type=\"widget\" data-widget_type=\"heading.default\">\n\t\t\t\t\t<h1 class=\"elementor-heading-title elementor-size-default\">we are corkscrew<\/h1>\t\t\t\t<\/div>\n\t\t\t\t<div class=\"elementor-element elementor-element-92ef674 elementor-widget__width-initial elementor-widget elementor-widget-text-editor\" data-id=\"92ef674\" data-element_type=\"widget\" data-e-type=\"widget\" data-widget_type=\"text-editor.default\">\n\t\t\t\t\t\t\t\t\t<p>Sharing our passion since 1982!<\/p><p>Our history dates back to 1982, when this family began as a humble bar. Over the years, we have transformed, becoming a beach kiosk and finally evolving into the restaurant that we are today.<\/p><p>This place, which has witnessed generations of people from C\u00e1diz and visitors, preserves the spirit and hospitality that characterizes us since our beginnings. Each member of our team brings to our restaurant the warmth and hospitality that are so characteristic of <strong>C\u00e1diz families.<\/strong><\/p>\t\t\t\t\t\t\t\t<\/div>\n\t\t\t\t<\/div>\n\t\t\t\t<div class=\"elementor-element elementor-element-90d2e8d elementor-widget-divider--view-line elementor-invisible elementor-widget elementor-widget-divider\" data-id=\"90d2e8d\" data-element_type=\"widget\" data-e-type=\"widget\" data-settings=\"{&quot;_animation&quot;:&quot;fadeInLeft&quot;}\" data-widget_type=\"divider.default\">\n\t\t\t\t\t\t\t<div class=\"elementor-divider\">\n\t\t\t<span class=\"elementor-divider-separator\">\n\t\t\t\t\t\t<\/span>\n\t\t<\/div>\n\t\t\t\t\t\t<\/div>\n\t\t\t\t\t<\/div>\n\t\t\t\t<\/div>\n\t\t<div class=\"elementor-element elementor-element-cdc6430 e-flex e-con-boxed e-con e-parent\" data-id=\"cdc6430\" data-element_type=\"container\" data-e-type=\"container\">\n\t\t\t\t\t<div class=\"e-con-inner\">\n\t\t\t\t<div class=\"elementor-element elementor-element-e628f7f elementor-widget elementor-widget-image\" data-id=\"e628f7f\" data-element_type=\"widget\" data-e-type=\"widget\" data-widget_type=\"image.default\">\n\t\t\t\t\t\t\t\t\t\t\t\t\t\t\t<img decoding=\"async\" width=\"1470\" height=\"838\" src=\"https:\/\/tirabuzoncadiz.com\/wp-content\/uploads\/2023\/06\/somos-tirabuzon.webp\" class=\"attachment-full size-full wp-image-923\" alt=\"\" srcset=\"https:\/\/tirabuzoncadiz.com\/wp-content\/uploads\/2023\/06\/somos-tirabuzon.webp 1470w, https:\/\/tirabuzoncadiz.com\/wp-content\/uploads\/2023\/06\/somos-tirabuzon-300x171.webp 300w, https:\/\/tirabuzoncadiz.com\/wp-content\/uploads\/2023\/06\/somos-tirabuzon-1024x584.webp 1024w, https:\/\/tirabuzoncadiz.com\/wp-content\/uploads\/2023\/06\/somos-tirabuzon-768x438.webp 768w\" sizes=\"(max-width: 1470px) 100vw, 1470px\" \/>\t\t\t\t\t\t\t\t\t\t\t\t\t\t\t<\/div>\n\t\t\t\t<div class=\"elementor-element elementor-element-99554f6 elementor-widget__width-initial elementor-widget elementor-widget-heading\" data-id=\"99554f6\" data-element_type=\"widget\" data-e-type=\"widget\" data-widget_type=\"heading.default\">\n\t\t\t\t\t<h3 class=\"elementor-heading-title elementor-size-default\">More than a restaurant<\/h3>\t\t\t\t<\/div>\n\t\t\t\t<div class=\"elementor-element elementor-element-d1265b5 elementor-widget__width-initial elementor-widget elementor-widget-text-editor\" data-id=\"d1265b5\" data-element_type=\"widget\" data-e-type=\"widget\" data-widget_type=\"text-editor.default\">\n\t\t\t\t\t\t\t\t\t<p>Our team is made up of people who are passionate about cooking and customer service.<\/p><p><span style=\"color: var( --e-global-color-5dbfeeb ); font-family: var( --e-global-typography-4970bb9-font-family ), Sans-serif; font-size: var( --e-global-typography-4970bb9-font-size ); font-weight: var( --e-global-typography-4970bb9-font-weight ); letter-spacing: var( --e-global-typography-4970bb9-letter-spacing ); word-spacing: var( --e-global-typography-4970bb9-word-spacing ); background-color: var( --e-global-color-e287fea );\">Made up of people who are passionate about cooking and customer service, we firmly believe that the key to offering the best\u00a0<\/span><b style=\"color: var( --e-global-color-5dbfeeb ); font-family: var( --e-global-typography-4970bb9-font-family ), Sans-serif; font-size: var( --e-global-typography-4970bb9-font-size ); letter-spacing: var( --e-global-typography-4970bb9-letter-spacing ); word-spacing: var( --e-global-typography-4970bb9-word-spacing ); background-color: var( --e-global-color-e287fea );\">corkscrew experience<\/b><span style=\"color: var( --e-global-color-5dbfeeb ); font-family: var( --e-global-typography-4970bb9-font-family ), Sans-serif; font-size: var( --e-global-typography-4970bb9-font-size ); font-weight: var( --e-global-typography-4970bb9-font-weight ); letter-spacing: var( --e-global-typography-4970bb9-letter-spacing ); word-spacing: var( --e-global-typography-4970bb9-word-spacing ); background-color: var( --e-global-color-e287fea );\">\u00a0It is in constant training and learning.\u00a0<\/span><span style=\"color: var( --e-global-color-5dbfeeb ); font-family: var( --e-global-typography-4970bb9-font-family ), Sans-serif; font-size: var( --e-global-typography-4970bb9-font-size ); font-weight: var( --e-global-typography-4970bb9-font-weight ); letter-spacing: var( --e-global-typography-4970bb9-letter-spacing ); word-spacing: var( --e-global-typography-4970bb9-word-spacing ); background-color: var( --e-global-color-e287fea );\">Therefore, we strive to keep up with the latest trends in gastronomy and hospitality, and we look for innovative ways to improve our service.<\/span><\/p>\t\t\t\t\t\t\t\t<\/div>\n\t\t\t\t\t<\/div>\n\t\t\t\t<\/div>\n\t\t\t\t<\/div>","protected":false},"excerpt":{"rendered":"<p>Somos Tirabuz\u00f3n \u00a1Compartiendo nuestra pasi\u00f3n desde 1982! Nuestra historia se remonta a 1982, cuando esta familia comenz\u00f3 como una humilde barra. A lo largo de los a\u00f1os, nos hemos transformado, pasando a ser un kiosko de playa y finalmente evolucionando al restaurante que somos hoy. Este lugar, que ha sido testigo de generaciones de gaditanos [&hellip;]<\/p>\n","protected":false},"author":1,"featured_media":916,"parent":0,"menu_order":0,"comment_status":"closed","ping_status":"closed","template":"","meta":{"footnotes":""},"class_list":["post-913","page","type-page","status-publish","has-post-thumbnail","hentry"],"yoast_head":"<!-- This site is optimized with the Yoast SEO plugin v27.2 - https:\/\/yoast.com\/product\/yoast-seo-wordpress\/ -->\n<title>Somos - Tirabuz\u00f3n C\u00e1diz<\/title>\n<meta name=\"description\" content=\"Formado por personas apasionadas por la cocina y el servicio al cliente, creemos que la clave para ofrecerte mejor experiencia Tirabuz\u00f3n\" \/>\n<meta name=\"robots\" content=\"index, follow, max-snippet:-1, max-image-preview:large, max-video-preview:-1\" \/>\n<link rel=\"canonical\" href=\"https:\/\/tirabuzoncadiz.com\/en\/somos\/\" \/>\n<meta property=\"og:locale\" content=\"en_GB\" \/>\n<meta property=\"og:type\" content=\"article\" \/>\n<meta property=\"og:title\" content=\"Somos - Tirabuz\u00f3n C\u00e1diz\" \/>\n<meta property=\"og:description\" content=\"Formado por personas apasionadas por la cocina y el servicio al cliente, creemos que la clave para ofrecerte mejor experiencia Tirabuz\u00f3n\" \/>\n<meta property=\"og:url\" content=\"https:\/\/tirabuzoncadiz.com\/en\/somos\/\" \/>\n<meta property=\"og:site_name\" content=\"Tirabuz\u00f3n C\u00e1diz\" \/>\n<meta property=\"article:modified_time\" content=\"2026-03-12T13:16:08+00:00\" \/>\n<meta property=\"og:image\" content=\"http:\/\/tirabuzoncadiz.com\/wp-content\/uploads\/2023\/06\/equipo-tirabuzon.webp\" \/>\n\t<meta property=\"og:image:width\" content=\"724\" \/>\n\t<meta property=\"og:image:height\" content=\"972\" \/>\n\t<meta property=\"og:image:type\" content=\"image\/webp\" \/>\n<meta name=\"twitter:card\" content=\"summary_large_image\" \/>\n<meta name=\"twitter:label1\" content=\"Estimated reading time\" \/>\n\t<meta name=\"twitter:data1\" content=\"2 minutes\" \/>\n<script type=\"application\/ld+json\" class=\"yoast-schema-graph\">{\"@context\":\"https:\/\/schema.org\",\"@graph\":[{\"@type\":\"WebPage\",\"@id\":\"https:\/\/tirabuzoncadiz.com\/somos\/\",\"url\":\"https:\/\/tirabuzoncadiz.com\/somos\/\",\"name\":\"Somos - Tirabuz\u00f3n C\u00e1diz\",\"isPartOf\":{\"@id\":\"https:\/\/tirabuzoncadiz.com\/#website\"},\"primaryImageOfPage\":{\"@id\":\"https:\/\/tirabuzoncadiz.com\/somos\/#primaryimage\"},\"image\":{\"@id\":\"https:\/\/tirabuzoncadiz.com\/somos\/#primaryimage\"},\"thumbnailUrl\":\"https:\/\/tirabuzoncadiz.com\/wp-content\/uploads\/2023\/06\/equipo-tirabuzon.webp\",\"datePublished\":\"2023-06-22T09:08:32+00:00\",\"dateModified\":\"2026-03-12T13:16:08+00:00\",\"description\":\"Formado por personas apasionadas por la cocina y el servicio al cliente, creemos que la clave para ofrecerte mejor experiencia Tirabuz\u00f3n\",\"breadcrumb\":{\"@id\":\"https:\/\/tirabuzoncadiz.com\/somos\/#breadcrumb\"},\"inLanguage\":\"en-GB\",\"potentialAction\":[{\"@type\":\"ReadAction\",\"target\":[\"https:\/\/tirabuzoncadiz.com\/somos\/\"]}]},{\"@type\":\"ImageObject\",\"inLanguage\":\"en-GB\",\"@id\":\"https:\/\/tirabuzoncadiz.com\/somos\/#primaryimage\",\"url\":\"https:\/\/tirabuzoncadiz.com\/wp-content\/uploads\/2023\/06\/equipo-tirabuzon.webp\",\"contentUrl\":\"https:\/\/tirabuzoncadiz.com\/wp-content\/uploads\/2023\/06\/equipo-tirabuzon.webp\",\"width\":724,\"height\":972,\"caption\":\"Tirabuz\u00f3n\"},{\"@type\":\"BreadcrumbList\",\"@id\":\"https:\/\/tirabuzoncadiz.com\/somos\/#breadcrumb\",\"itemListElement\":[{\"@type\":\"ListItem\",\"position\":1,\"name\":\"Portada\",\"item\":\"https:\/\/tirabuzoncadiz.com\/\"},{\"@type\":\"ListItem\",\"position\":2,\"name\":\"Somos\"}]},{\"@type\":\"WebSite\",\"@id\":\"https:\/\/tirabuzoncadiz.com\/#website\",\"url\":\"https:\/\/tirabuzoncadiz.com\/\",\"name\":\"Tirabuz\u00f3n C\u00e1diz\",\"description\":\"Chiringuito en C\u00e1diz\",\"publisher\":{\"@id\":\"https:\/\/tirabuzoncadiz.com\/#organization\"},\"potentialAction\":[{\"@type\":\"SearchAction\",\"target\":{\"@type\":\"EntryPoint\",\"urlTemplate\":\"https:\/\/tirabuzoncadiz.com\/?s={search_term_string}\"},\"query-input\":{\"@type\":\"PropertyValueSpecification\",\"valueRequired\":true,\"valueName\":\"search_term_string\"}}],\"inLanguage\":\"en-GB\"},{\"@type\":\"Organization\",\"@id\":\"https:\/\/tirabuzoncadiz.com\/#organization\",\"name\":\"Tirabuz\u00f3n C\u00e1diz\",\"url\":\"https:\/\/tirabuzoncadiz.com\/\",\"logo\":{\"@type\":\"ImageObject\",\"inLanguage\":\"en-GB\",\"@id\":\"https:\/\/tirabuzoncadiz.com\/#\/schema\/logo\/image\/\",\"url\":\"https:\/\/tirabuzoncadiz.com\/wp-content\/uploads\/2023\/02\/tirabuzon-logo.svg\",\"contentUrl\":\"https:\/\/tirabuzoncadiz.com\/wp-content\/uploads\/2023\/02\/tirabuzon-logo.svg\",\"caption\":\"Tirabuz\u00f3n C\u00e1diz\"},\"image\":{\"@id\":\"https:\/\/tirabuzoncadiz.com\/#\/schema\/logo\/image\/\"}}]}<\/script>\n<!-- \/ Yoast SEO plugin. -->","yoast_head_json":{"title":"Somos - Tirabuz\u00f3n C\u00e1diz","description":"Formado por personas apasionadas por la cocina y el servicio al cliente, creemos que la clave para ofrecerte mejor experiencia Tirabuz\u00f3n","robots":{"index":"index","follow":"follow","max-snippet":"max-snippet:-1","max-image-preview":"max-image-preview:large","max-video-preview":"max-video-preview:-1"},"canonical":"https:\/\/tirabuzoncadiz.com\/en\/somos\/","og_locale":"en_GB","og_type":"article","og_title":"Somos - Tirabuz\u00f3n C\u00e1diz","og_description":"Formado por personas apasionadas por la cocina y el servicio al cliente, creemos que la clave para ofrecerte mejor experiencia Tirabuz\u00f3n","og_url":"https:\/\/tirabuzoncadiz.com\/en\/somos\/","og_site_name":"Tirabuz\u00f3n C\u00e1diz","article_modified_time":"2026-03-12T13:16:08+00:00","og_image":[{"width":724,"height":972,"url":"http:\/\/tirabuzoncadiz.com\/wp-content\/uploads\/2023\/06\/equipo-tirabuzon.webp","type":"image\/webp"}],"twitter_card":"summary_large_image","twitter_misc":{"Estimated reading time":"2 minutes"},"schema":{"@context":"https:\/\/schema.org","@graph":[{"@type":"WebPage","@id":"https:\/\/tirabuzoncadiz.com\/somos\/","url":"https:\/\/tirabuzoncadiz.com\/somos\/","name":"Somos - Tirabuz\u00f3n C\u00e1diz","isPartOf":{"@id":"https:\/\/tirabuzoncadiz.com\/#website"},"primaryImageOfPage":{"@id":"https:\/\/tirabuzoncadiz.com\/somos\/#primaryimage"},"image":{"@id":"https:\/\/tirabuzoncadiz.com\/somos\/#primaryimage"},"thumbnailUrl":"https:\/\/tirabuzoncadiz.com\/wp-content\/uploads\/2023\/06\/equipo-tirabuzon.webp","datePublished":"2023-06-22T09:08:32+00:00","dateModified":"2026-03-12T13:16:08+00:00","description":"Formado por personas apasionadas por la cocina y el servicio al cliente, creemos que la clave para ofrecerte mejor experiencia Tirabuz\u00f3n","breadcrumb":{"@id":"https:\/\/tirabuzoncadiz.com\/somos\/#breadcrumb"},"inLanguage":"en-GB","potentialAction":[{"@type":"ReadAction","target":["https:\/\/tirabuzoncadiz.com\/somos\/"]}]},{"@type":"ImageObject","inLanguage":"en-GB","@id":"https:\/\/tirabuzoncadiz.com\/somos\/#primaryimage","url":"https:\/\/tirabuzoncadiz.com\/wp-content\/uploads\/2023\/06\/equipo-tirabuzon.webp","contentUrl":"https:\/\/tirabuzoncadiz.com\/wp-content\/uploads\/2023\/06\/equipo-tirabuzon.webp","width":724,"height":972,"caption":"Tirabuz\u00f3n"},{"@type":"BreadcrumbList","@id":"https:\/\/tirabuzoncadiz.com\/somos\/#breadcrumb","itemListElement":[{"@type":"ListItem","position":1,"name":"Portada","item":"https:\/\/tirabuzoncadiz.com\/"},{"@type":"ListItem","position":2,"name":"Somos"}]},{"@type":"WebSite","@id":"https:\/\/tirabuzoncadiz.com\/#website","url":"https:\/\/tirabuzoncadiz.com\/","name":"Tirabuz\u00f3n C\u00e1diz","description":"Chiringuito en C\u00e1diz","publisher":{"@id":"https:\/\/tirabuzoncadiz.com\/#organization"},"potentialAction":[{"@type":"SearchAction","target":{"@type":"EntryPoint","urlTemplate":"https:\/\/tirabuzoncadiz.com\/?s={search_term_string}"},"query-input":{"@type":"PropertyValueSpecification","valueRequired":true,"valueName":"search_term_string"}}],"inLanguage":"en-GB"},{"@type":"Organization","@id":"https:\/\/tirabuzoncadiz.com\/#organization","name":"Tirabuz\u00f3n C\u00e1diz","url":"https:\/\/tirabuzoncadiz.com\/","logo":{"@type":"ImageObject","inLanguage":"en-GB","@id":"https:\/\/tirabuzoncadiz.com\/#\/schema\/logo\/image\/","url":"https:\/\/tirabuzoncadiz.com\/wp-content\/uploads\/2023\/02\/tirabuzon-logo.svg","contentUrl":"https:\/\/tirabuzoncadiz.com\/wp-content\/uploads\/2023\/02\/tirabuzon-logo.svg","caption":"Tirabuz\u00f3n C\u00e1diz"},"image":{"@id":"https:\/\/tirabuzoncadiz.com\/#\/schema\/logo\/image\/"}}]}},"_links":{"self":[{"href":"https:\/\/tirabuzoncadiz.com\/en\/wp-json\/wp\/v2\/pages\/913","targetHints":{"allow":["GET"]}}],"collection":[{"href":"https:\/\/tirabuzoncadiz.com\/en\/wp-json\/wp\/v2\/pages"}],"about":[{"href":"https:\/\/tirabuzoncadiz.com\/en\/wp-json\/wp\/v2\/types\/page"}],"author":[{"embeddable":true,"href":"https:\/\/tirabuzoncadiz.com\/en\/wp-json\/wp\/v2\/users\/1"}],"replies":[{"embeddable":true,"href":"https:\/\/tirabuzoncadiz.com\/en\/wp-json\/wp\/v2\/comments?post=913"}],"version-history":[{"count":1,"href":"https:\/\/tirabuzoncadiz.com\/en\/wp-json\/wp\/v2\/pages\/913\/revisions"}],"predecessor-version":[{"id":1796,"href":"https:\/\/tirabuzoncadiz.com\/en\/wp-json\/wp\/v2\/pages\/913\/revisions\/1796"}],"wp:featuredmedia":[{"embeddable":true,"href":"https:\/\/tirabuzoncadiz.com\/en\/wp-json\/wp\/v2\/media\/916"}],"wp:attachment":[{"href":"https:\/\/tirabuzoncadiz.com\/en\/wp-json\/wp\/v2\/media?parent=913"}],"curies":[{"name":"wp","href":"https:\/\/api.w.org\/{rel}","templated":true}]}}