{"id":903,"date":"2023-06-21T16:04:13","date_gmt":"2023-06-21T16:04:13","guid":{"rendered":"https:\/\/tirabuzoncadiz.com\/?page_id=903"},"modified":"2026-03-12T14:16:51","modified_gmt":"2026-03-12T13:16:51","slug":"galeria","status":"publish","type":"page","link":"https:\/\/tirabuzoncadiz.com\/en\/galeria\/","title":{"rendered":"Gallery"},"content":{"rendered":"<div data-elementor-type=\"wp-page\" data-elementor-id=\"903\" class=\"elementor elementor-903\" data-elementor-post-type=\"page\">\n\t\t\t\t<div class=\"elementor-element elementor-element-c0c8163 e-flex e-con-boxed e-con e-parent\" data-id=\"c0c8163\" data-element_type=\"container\" data-e-type=\"container\" data-settings=\"{&quot;background_background&quot;:&quot;classic&quot;}\">\n\t\t\t\t\t<div class=\"e-con-inner\">\n\t\t<div class=\"elementor-element elementor-element-e95623b e-con-full e-flex e-con e-parent\" data-id=\"e95623b\" data-element_type=\"container\" data-e-type=\"container\">\n\t\t\t\t<div class=\"elementor-element elementor-element-07ea5e5 elementor-widget elementor-widget-image\" data-id=\"07ea5e5\" data-element_type=\"widget\" data-e-type=\"widget\" data-widget_type=\"image.default\">\n\t\t\t\t\t\t\t\t\t\t\t\t\t\t\t<img fetchpriority=\"high\" decoding=\"async\" width=\"668\" height=\"828\" src=\"https:\/\/tirabuzoncadiz.com\/wp-content\/uploads\/2023\/06\/playa-santamaria-tirabuzon.webp\" class=\"attachment-medium_large size-medium_large wp-image-906\" alt=\"Playa de Santa Mar\u00eda en C\u00e1diz\" srcset=\"https:\/\/tirabuzoncadiz.com\/wp-content\/uploads\/2023\/06\/playa-santamaria-tirabuzon.webp 668w, https:\/\/tirabuzoncadiz.com\/wp-content\/uploads\/2023\/06\/playa-santamaria-tirabuzon-242x300.webp 242w\" sizes=\"(max-width: 668px) 100vw, 668px\" \/>\t\t\t\t\t\t\t\t\t\t\t\t\t\t\t<\/div>\n\t\t\t\t<\/div>\n\t\t<div class=\"elementor-element elementor-element-9cb8e8e e-con-full e-flex e-con e-parent\" data-id=\"9cb8e8e\" data-element_type=\"container\" data-e-type=\"container\">\n\t\t\t\t<div class=\"elementor-element elementor-element-141588d elementor-widget elementor-widget-heading\" data-id=\"141588d\" data-element_type=\"widget\" data-e-type=\"widget\" data-widget_type=\"heading.default\">\n\t\t\t\t\t<h1 class=\"elementor-heading-title elementor-size-default\">Mar &amp; Sabor en C\u00e1diz<\/h1>\t\t\t\t<\/div>\n\t\t\t\t<div class=\"elementor-element elementor-element-f1c21e0 elementor-widget__width-initial elementor-widget elementor-widget-text-editor\" data-id=\"f1c21e0\" data-element_type=\"widget\" data-e-type=\"widget\" data-widget_type=\"text-editor.default\">\n\t\t\t\t\t\t\t\t\t<p>Have a look at our dishes! Are your mouth watering?<br \/><br \/><strong>Come and visit us!<\/strong><\/p>\t\t\t\t\t\t\t\t<\/div>\n\t\t\t\t<\/div>\n\t\t\t\t\t<\/div>\n\t\t\t\t<\/div>\n\t\t<div class=\"elementor-element elementor-element-2e4e7ea e-flex e-con-boxed e-con e-parent\" data-id=\"2e4e7ea\" data-element_type=\"container\" data-e-type=\"container\" data-settings=\"{&quot;background_background&quot;:&quot;classic&quot;}\">\n\t\t\t\t\t<div class=\"e-con-inner\">\n\t\t\t\t<div class=\"elementor-element elementor-element-267f4c3 elementor-widget elementor-widget-gallery\" data-id=\"267f4c3\" data-element_type=\"widget\" data-e-type=\"widget\" data-settings=\"{&quot;gallery_layout&quot;:&quot;masonry&quot;,&quot;columns&quot;:1,&quot;columns_tablet&quot;:1,&quot;columns_mobile&quot;:1,&quot;gap&quot;:{&quot;unit&quot;:&quot;px&quot;,&quot;size&quot;:10,&quot;sizes&quot;:[]},&quot;gap_tablet&quot;:{&quot;unit&quot;:&quot;px&quot;,&quot;size&quot;:10,&quot;sizes&quot;:[]},&quot;gap_mobile&quot;:{&quot;unit&quot;:&quot;px&quot;,&quot;size&quot;:10,&quot;sizes&quot;:[]},&quot;content_hover_animation&quot;:&quot;fade-in&quot;}\" data-widget_type=\"gallery.default\">\n\t\t\t\t\t\t\t<div class=\"elementor-gallery__container\">\n\t\t\t\t\t\t\t<div class=\"e-gallery-item elementor-gallery-item elementor-animated-content\">\n\t\t\t\t\t<div class=\"e-gallery-image elementor-gallery-item__image\" data-thumbnail=\"https:\/\/tirabuzoncadiz.com\/wp-content\/uploads\/2023\/06\/patatas-bravas-cadiz.webp\" data-width=\"942\" data-height=\"678\" aria-label=\"Patatas bravas en C\u00e1diz\" role=\"img\" ><\/div>\n\t\t\t\t\t\t\t\t\t\t\t\t\t\t<\/div>\n\t\t\t\t\t\t\t<div class=\"e-gallery-item elementor-gallery-item elementor-animated-content\">\n\t\t\t\t\t<div class=\"e-gallery-image elementor-gallery-item__image\" data-thumbnail=\"https:\/\/tirabuzoncadiz.com\/wp-content\/uploads\/2023\/03\/tartar-atun.webp\" data-width=\"2058\" data-height=\"1797\" aria-label=\"Boque de at\u00fan en restaurante Tirabuz\u00f3n\" role=\"img\" ><\/div>\n\t\t\t\t\t\t\t\t\t\t\t\t\t\t<\/div>\n\t\t\t\t\t\t\t<div class=\"e-gallery-item elementor-gallery-item elementor-animated-content\">\n\t\t\t\t\t<div class=\"e-gallery-image elementor-gallery-item__image\" data-thumbnail=\"https:\/\/tirabuzoncadiz.com\/wp-content\/uploads\/2023\/03\/cremoso-con-mango.webp\" data-width=\"2058\" data-height=\"1797\" aria-label=\"Cremoso postre en nuestro restaurante\" role=\"img\" ><\/div>\n\t\t\t\t\t\t\t\t\t\t\t\t\t\t<\/div>\n\t\t\t\t\t\t\t<div class=\"e-gallery-item elementor-gallery-item elementor-animated-content\">\n\t\t\t\t\t<div class=\"e-gallery-image elementor-gallery-item__image\" data-thumbnail=\"https:\/\/tirabuzoncadiz.com\/wp-content\/uploads\/2023\/03\/tartar-salmon.webp\" data-width=\"2058\" data-height=\"1797\" aria-label=\"Tartar de salm\u00f3n en restaurante Tirabuz\u00f3n\" role=\"img\" ><\/div>\n\t\t\t\t\t\t\t\t\t\t\t\t\t\t<\/div>\n\t\t\t\t\t\t\t<div class=\"e-gallery-item elementor-gallery-item elementor-animated-content\">\n\t\t\t\t\t<div class=\"e-gallery-image elementor-gallery-item__image\" data-thumbnail=\"https:\/\/tirabuzoncadiz.com\/wp-content\/uploads\/2023\/03\/tacos-Chiringuito.webp\" data-width=\"2058\" data-height=\"1797\" aria-label=\"Tacos especiales en chiringuito Tirabuz\u00f3n\" role=\"img\" ><\/div>\n\t\t\t\t\t\t\t\t\t\t\t\t\t\t<\/div>\n\t\t\t\t\t\t\t<div class=\"e-gallery-item elementor-gallery-item elementor-animated-content\">\n\t\t\t\t\t<div class=\"e-gallery-image elementor-gallery-item__image\" data-thumbnail=\"https:\/\/tirabuzoncadiz.com\/wp-content\/uploads\/2023\/03\/comidas-en-Cadiz.webp\" data-width=\"2058\" data-height=\"1797\" aria-label=\"Comidas en C\u00e1diz\" role=\"img\" ><\/div>\n\t\t\t\t\t\t\t\t\t\t\t\t\t\t<\/div>\n\t\t\t\t\t\t\t<div class=\"e-gallery-item elementor-gallery-item elementor-animated-content\">\n\t\t\t\t\t<div class=\"e-gallery-image elementor-gallery-item__image\" data-thumbnail=\"https:\/\/tirabuzoncadiz.com\/wp-content\/uploads\/2023\/03\/coctel-pina-colada.webp\" data-width=\"2058\" data-height=\"1797\" aria-label=\"Pi\u00f1a colada coctel\" role=\"img\" ><\/div>\n\t\t\t\t\t\t\t\t\t\t\t\t\t\t<\/div>\n\t\t\t\t\t\t\t<div class=\"e-gallery-item elementor-gallery-item elementor-animated-content\">\n\t\t\t\t\t<div class=\"e-gallery-image elementor-gallery-item__image\" data-thumbnail=\"https:\/\/tirabuzoncadiz.com\/wp-content\/uploads\/2023\/03\/vinos.webp\" data-width=\"2058\" data-height=\"1797\" aria-label=\"menu de celebraciones en un restaurant de C\u00e1diz\" role=\"img\" ><\/div>\n\t\t\t\t\t\t\t\t\t\t\t\t\t\t<\/div>\n\t\t\t\t\t\t\t<div class=\"e-gallery-item elementor-gallery-item elementor-animated-content\">\n\t\t\t\t\t<div class=\"e-gallery-image elementor-gallery-item__image\" data-thumbnail=\"https:\/\/tirabuzoncadiz.com\/wp-content\/uploads\/2023\/03\/frappe-cadiz.webp\" data-width=\"2058\" data-height=\"1797\" aria-label=\"Frappe en chiringuito Tirabuz\u00f3n\" role=\"img\" ><\/div>\n\t\t\t\t\t\t\t\t\t\t\t\t\t\t<\/div>\n\t\t\t\t\t<\/div>\n\t\t\t\t\t<\/div>\n\t\t\t\t\t<\/div>\n\t\t\t\t<\/div>\n\t\t\t\t<\/div>","protected":false},"excerpt":{"rendered":"<p>Mar &#038; Sabor en C\u00e1diz \u00a1\u00c9chale un vistazo a nuestros platos! \u00bfSe te hace la boca agua? \u00a1Ven a visitarnos!<\/p>","protected":false},"author":1,"featured_media":906,"parent":0,"menu_order":0,"comment_status":"closed","ping_status":"closed","template":"","meta":{"footnotes":""},"class_list":["post-903","page","type-page","status-publish","has-post-thumbnail","hentry"],"yoast_head":"<!-- This site is optimized with the Yoast SEO plugin v27.3 - https:\/\/yoast.com\/product\/yoast-seo-wordpress\/ -->\n<title>Galer\u00eda de nuestros platos - Tirabuz\u00f3n C\u00e1diz<\/title>\n<meta name=\"description\" content=\"\u00c9chale un vistazo a nuestros platos! \u00bfSe te hace la boca agua? Pues ven a visitarnos, estamos abiertos todos los d\u00edas de 11h a 00h en C\u00e1diz\" \/>\n<meta name=\"robots\" content=\"index, follow, max-snippet:-1, max-image-preview:large, max-video-preview:-1\" \/>\n<link rel=\"canonical\" href=\"https:\/\/tirabuzoncadiz.com\/en\/galeria\/\" \/>\n<meta property=\"og:locale\" content=\"en_GB\" \/>\n<meta property=\"og:type\" content=\"article\" \/>\n<meta property=\"og:title\" content=\"Galer\u00eda de nuestros platos - Tirabuz\u00f3n C\u00e1diz\" \/>\n<meta property=\"og:description\" content=\"\u00c9chale un vistazo a nuestros platos! \u00bfSe te hace la boca agua? Pues ven a visitarnos, estamos abiertos todos los d\u00edas de 11h a 00h en C\u00e1diz\" \/>\n<meta property=\"og:url\" content=\"https:\/\/tirabuzoncadiz.com\/en\/galeria\/\" \/>\n<meta property=\"og:site_name\" content=\"Tirabuz\u00f3n C\u00e1diz\" \/>\n<meta property=\"article:modified_time\" content=\"2026-03-12T13:16:51+00:00\" \/>\n<meta property=\"og:image\" content=\"http:\/\/tirabuzoncadiz.com\/wp-content\/uploads\/2023\/06\/playa-santamaria-tirabuzon.webp\" \/>\n\t<meta property=\"og:image:width\" content=\"668\" \/>\n\t<meta property=\"og:image:height\" content=\"828\" \/>\n\t<meta property=\"og:image:type\" content=\"image\/webp\" \/>\n<meta name=\"twitter:card\" content=\"summary_large_image\" \/>\n<meta name=\"twitter:label1\" content=\"Estimated reading time\" \/>\n\t<meta name=\"twitter:data1\" content=\"1 minute\" \/>\n<script type=\"application\/ld+json\" class=\"yoast-schema-graph\">{\"@context\":\"https:\\\/\\\/schema.org\",\"@graph\":[{\"@type\":\"WebPage\",\"@id\":\"https:\\\/\\\/tirabuzoncadiz.com\\\/galeria\\\/\",\"url\":\"https:\\\/\\\/tirabuzoncadiz.com\\\/galeria\\\/\",\"name\":\"Galer\u00eda de nuestros platos - Tirabuz\u00f3n C\u00e1diz\",\"isPartOf\":{\"@id\":\"https:\\\/\\\/tirabuzoncadiz.com\\\/#website\"},\"primaryImageOfPage\":{\"@id\":\"https:\\\/\\\/tirabuzoncadiz.com\\\/galeria\\\/#primaryimage\"},\"image\":{\"@id\":\"https:\\\/\\\/tirabuzoncadiz.com\\\/galeria\\\/#primaryimage\"},\"thumbnailUrl\":\"https:\\\/\\\/tirabuzoncadiz.com\\\/wp-content\\\/uploads\\\/2023\\\/06\\\/playa-santamaria-tirabuzon.webp\",\"datePublished\":\"2023-06-21T16:04:13+00:00\",\"dateModified\":\"2026-03-12T13:16:51+00:00\",\"description\":\"\u00c9chale un vistazo a nuestros platos! \u00bfSe te hace la boca agua? Pues ven a visitarnos, estamos abiertos todos los d\u00edas de 11h a 00h en C\u00e1diz\",\"breadcrumb\":{\"@id\":\"https:\\\/\\\/tirabuzoncadiz.com\\\/galeria\\\/#breadcrumb\"},\"inLanguage\":\"en-GB\",\"potentialAction\":[{\"@type\":\"ReadAction\",\"target\":[\"https:\\\/\\\/tirabuzoncadiz.com\\\/galeria\\\/\"]}]},{\"@type\":\"ImageObject\",\"inLanguage\":\"en-GB\",\"@id\":\"https:\\\/\\\/tirabuzoncadiz.com\\\/galeria\\\/#primaryimage\",\"url\":\"https:\\\/\\\/tirabuzoncadiz.com\\\/wp-content\\\/uploads\\\/2023\\\/06\\\/playa-santamaria-tirabuzon.webp\",\"contentUrl\":\"https:\\\/\\\/tirabuzoncadiz.com\\\/wp-content\\\/uploads\\\/2023\\\/06\\\/playa-santamaria-tirabuzon.webp\",\"width\":668,\"height\":828,\"caption\":\"Playa de Santa Mar\u00eda en C\u00e1diz\"},{\"@type\":\"BreadcrumbList\",\"@id\":\"https:\\\/\\\/tirabuzoncadiz.com\\\/galeria\\\/#breadcrumb\",\"itemListElement\":[{\"@type\":\"ListItem\",\"position\":1,\"name\":\"Portada\",\"item\":\"https:\\\/\\\/tirabuzoncadiz.com\\\/\"},{\"@type\":\"ListItem\",\"position\":2,\"name\":\"Galer\u00eda\"}]},{\"@type\":\"WebSite\",\"@id\":\"https:\\\/\\\/tirabuzoncadiz.com\\\/#website\",\"url\":\"https:\\\/\\\/tirabuzoncadiz.com\\\/\",\"name\":\"Tirabuz\u00f3n C\u00e1diz\",\"description\":\"Chiringuito en C\u00e1diz\",\"publisher\":{\"@id\":\"https:\\\/\\\/tirabuzoncadiz.com\\\/#organization\"},\"potentialAction\":[{\"@type\":\"SearchAction\",\"target\":{\"@type\":\"EntryPoint\",\"urlTemplate\":\"https:\\\/\\\/tirabuzoncadiz.com\\\/?s={search_term_string}\"},\"query-input\":{\"@type\":\"PropertyValueSpecification\",\"valueRequired\":true,\"valueName\":\"search_term_string\"}}],\"inLanguage\":\"en-GB\"},{\"@type\":\"Organization\",\"@id\":\"https:\\\/\\\/tirabuzoncadiz.com\\\/#organization\",\"name\":\"Tirabuz\u00f3n C\u00e1diz\",\"url\":\"https:\\\/\\\/tirabuzoncadiz.com\\\/\",\"logo\":{\"@type\":\"ImageObject\",\"inLanguage\":\"en-GB\",\"@id\":\"https:\\\/\\\/tirabuzoncadiz.com\\\/#\\\/schema\\\/logo\\\/image\\\/\",\"url\":\"https:\\\/\\\/tirabuzoncadiz.com\\\/wp-content\\\/uploads\\\/2023\\\/02\\\/tirabuzon-logo.svg\",\"contentUrl\":\"https:\\\/\\\/tirabuzoncadiz.com\\\/wp-content\\\/uploads\\\/2023\\\/02\\\/tirabuzon-logo.svg\",\"caption\":\"Tirabuz\u00f3n C\u00e1diz\"},\"image\":{\"@id\":\"https:\\\/\\\/tirabuzoncadiz.com\\\/#\\\/schema\\\/logo\\\/image\\\/\"}}]}<\/script>\n<!-- \/ Yoast SEO plugin. -->","yoast_head_json":{"title":"Galer\u00eda de nuestros platos - Tirabuz\u00f3n C\u00e1diz","description":"\u00c9chale un vistazo a nuestros platos! \u00bfSe te hace la boca agua? Pues ven a visitarnos, estamos abiertos todos los d\u00edas de 11h a 00h en C\u00e1diz","robots":{"index":"index","follow":"follow","max-snippet":"max-snippet:-1","max-image-preview":"max-image-preview:large","max-video-preview":"max-video-preview:-1"},"canonical":"https:\/\/tirabuzoncadiz.com\/en\/galeria\/","og_locale":"en_GB","og_type":"article","og_title":"Galer\u00eda de nuestros platos - Tirabuz\u00f3n C\u00e1diz","og_description":"\u00c9chale un vistazo a nuestros platos! \u00bfSe te hace la boca agua? Pues ven a visitarnos, estamos abiertos todos los d\u00edas de 11h a 00h en C\u00e1diz","og_url":"https:\/\/tirabuzoncadiz.com\/en\/galeria\/","og_site_name":"Tirabuz\u00f3n C\u00e1diz","article_modified_time":"2026-03-12T13:16:51+00:00","og_image":[{"width":668,"height":828,"url":"http:\/\/tirabuzoncadiz.com\/wp-content\/uploads\/2023\/06\/playa-santamaria-tirabuzon.webp","type":"image\/webp"}],"twitter_card":"summary_large_image","twitter_misc":{"Estimated reading time":"1 minute"},"schema":{"@context":"https:\/\/schema.org","@graph":[{"@type":"WebPage","@id":"https:\/\/tirabuzoncadiz.com\/galeria\/","url":"https:\/\/tirabuzoncadiz.com\/galeria\/","name":"Galer\u00eda de nuestros platos - Tirabuz\u00f3n C\u00e1diz","isPartOf":{"@id":"https:\/\/tirabuzoncadiz.com\/#website"},"primaryImageOfPage":{"@id":"https:\/\/tirabuzoncadiz.com\/galeria\/#primaryimage"},"image":{"@id":"https:\/\/tirabuzoncadiz.com\/galeria\/#primaryimage"},"thumbnailUrl":"https:\/\/tirabuzoncadiz.com\/wp-content\/uploads\/2023\/06\/playa-santamaria-tirabuzon.webp","datePublished":"2023-06-21T16:04:13+00:00","dateModified":"2026-03-12T13:16:51+00:00","description":"\u00c9chale un vistazo a nuestros platos! \u00bfSe te hace la boca agua? Pues ven a visitarnos, estamos abiertos todos los d\u00edas de 11h a 00h en C\u00e1diz","breadcrumb":{"@id":"https:\/\/tirabuzoncadiz.com\/galeria\/#breadcrumb"},"inLanguage":"en-GB","potentialAction":[{"@type":"ReadAction","target":["https:\/\/tirabuzoncadiz.com\/galeria\/"]}]},{"@type":"ImageObject","inLanguage":"en-GB","@id":"https:\/\/tirabuzoncadiz.com\/galeria\/#primaryimage","url":"https:\/\/tirabuzoncadiz.com\/wp-content\/uploads\/2023\/06\/playa-santamaria-tirabuzon.webp","contentUrl":"https:\/\/tirabuzoncadiz.com\/wp-content\/uploads\/2023\/06\/playa-santamaria-tirabuzon.webp","width":668,"height":828,"caption":"Playa de Santa Mar\u00eda en C\u00e1diz"},{"@type":"BreadcrumbList","@id":"https:\/\/tirabuzoncadiz.com\/galeria\/#breadcrumb","itemListElement":[{"@type":"ListItem","position":1,"name":"Portada","item":"https:\/\/tirabuzoncadiz.com\/"},{"@type":"ListItem","position":2,"name":"Galer\u00eda"}]},{"@type":"WebSite","@id":"https:\/\/tirabuzoncadiz.com\/#website","url":"https:\/\/tirabuzoncadiz.com\/","name":"Tirabuz\u00f3n C\u00e1diz","description":"Chiringuito en C\u00e1diz","publisher":{"@id":"https:\/\/tirabuzoncadiz.com\/#organization"},"potentialAction":[{"@type":"SearchAction","target":{"@type":"EntryPoint","urlTemplate":"https:\/\/tirabuzoncadiz.com\/?s={search_term_string}"},"query-input":{"@type":"PropertyValueSpecification","valueRequired":true,"valueName":"search_term_string"}}],"inLanguage":"en-GB"},{"@type":"Organization","@id":"https:\/\/tirabuzoncadiz.com\/#organization","name":"Tirabuz\u00f3n C\u00e1diz","url":"https:\/\/tirabuzoncadiz.com\/","logo":{"@type":"ImageObject","inLanguage":"en-GB","@id":"https:\/\/tirabuzoncadiz.com\/#\/schema\/logo\/image\/","url":"https:\/\/tirabuzoncadiz.com\/wp-content\/uploads\/2023\/02\/tirabuzon-logo.svg","contentUrl":"https:\/\/tirabuzoncadiz.com\/wp-content\/uploads\/2023\/02\/tirabuzon-logo.svg","caption":"Tirabuz\u00f3n C\u00e1diz"},"image":{"@id":"https:\/\/tirabuzoncadiz.com\/#\/schema\/logo\/image\/"}}]}},"_links":{"self":[{"href":"https:\/\/tirabuzoncadiz.com\/en\/wp-json\/wp\/v2\/pages\/903","targetHints":{"allow":["GET"]}}],"collection":[{"href":"https:\/\/tirabuzoncadiz.com\/en\/wp-json\/wp\/v2\/pages"}],"about":[{"href":"https:\/\/tirabuzoncadiz.com\/en\/wp-json\/wp\/v2\/types\/page"}],"author":[{"embeddable":true,"href":"https:\/\/tirabuzoncadiz.com\/en\/wp-json\/wp\/v2\/users\/1"}],"replies":[{"embeddable":true,"href":"https:\/\/tirabuzoncadiz.com\/en\/wp-json\/wp\/v2\/comments?post=903"}],"version-history":[{"count":1,"href":"https:\/\/tirabuzoncadiz.com\/en\/wp-json\/wp\/v2\/pages\/903\/revisions"}],"predecessor-version":[{"id":1797,"href":"https:\/\/tirabuzoncadiz.com\/en\/wp-json\/wp\/v2\/pages\/903\/revisions\/1797"}],"wp:featuredmedia":[{"embeddable":true,"href":"https:\/\/tirabuzoncadiz.com\/en\/wp-json\/wp\/v2\/media\/906"}],"wp:attachment":[{"href":"https:\/\/tirabuzoncadiz.com\/en\/wp-json\/wp\/v2\/media?parent=903"}],"curies":[{"name":"wp","href":"https:\/\/api.w.org\/{rel}","templated":true}]}}