{"id":901,"date":"2023-06-21T16:03:18","date_gmt":"2023-06-21T16:03:18","guid":{"rendered":"https:\/\/tirabuzoncadiz.com\/?page_id=901"},"modified":"2026-03-12T14:17:02","modified_gmt":"2026-03-12T13:17:02","slug":"contacto","status":"publish","type":"page","link":"https:\/\/tirabuzoncadiz.com\/en\/contacto\/","title":{"rendered":"Contact"},"content":{"rendered":"<div data-elementor-type=\"wp-page\" data-elementor-id=\"901\" class=\"elementor elementor-901\" data-elementor-post-type=\"page\">\n\t\t\t\t<div class=\"elementor-element elementor-element-60e4915 e-flex e-con-boxed e-con e-parent\" data-id=\"60e4915\" data-element_type=\"container\" data-e-type=\"container\">\n\t\t\t\t\t<div class=\"e-con-inner\">\n\t\t\t\t<div class=\"elementor-element elementor-element-3d2fae4 elementor-widget elementor-widget-heading\" data-id=\"3d2fae4\" data-element_type=\"widget\" data-e-type=\"widget\" data-widget_type=\"heading.default\">\n\t\t\t\t\t<h1 class=\"elementor-heading-title elementor-size-default\">Reserve your table <br> in Tirabuz\u00f3n!<\/h1>\t\t\t\t<\/div>\n\t\t<div class=\"elementor-element elementor-element-51cd3a2 e-con-full e-flex e-con e-child\" data-id=\"51cd3a2\" data-element_type=\"container\" data-e-type=\"container\">\n\t\t\t\t<div class=\"elementor-element elementor-element-e162811 elementor-widget__width-initial elementor-widget-mobile__width-inherit animated-fast elementor-invisible elementor-widget elementor-widget-image\" data-id=\"e162811\" data-element_type=\"widget\" data-e-type=\"widget\" data-settings=\"{&quot;_animation&quot;:&quot;fadeIn&quot;}\" data-widget_type=\"image.default\">\n\t\t\t\t\t\t\t\t\t\t\t\t\t\t\t<img fetchpriority=\"high\" decoding=\"async\" width=\"800\" height=\"576\" src=\"https:\/\/tirabuzoncadiz.com\/wp-content\/uploads\/2023\/06\/experiencia-tirabuzon.webp\" class=\"attachment-large size-large wp-image-1037\" alt=\"experiencia tirabuzon\" srcset=\"https:\/\/tirabuzoncadiz.com\/wp-content\/uploads\/2023\/06\/experiencia-tirabuzon.webp 942w, https:\/\/tirabuzoncadiz.com\/wp-content\/uploads\/2023\/06\/experiencia-tirabuzon-300x216.webp 300w, https:\/\/tirabuzoncadiz.com\/wp-content\/uploads\/2023\/06\/experiencia-tirabuzon-768x553.webp 768w\" sizes=\"(max-width: 800px) 100vw, 800px\" \/>\t\t\t\t\t\t\t\t\t\t\t\t\t\t\t<\/div>\n\t\t<div class=\"elementor-element elementor-element-2e28513 e-con-full e-flex e-con e-child\" data-id=\"2e28513\" data-element_type=\"container\" data-e-type=\"container\">\n\t\t<div class=\"elementor-element elementor-element-bdea0ee e-con-full e-flex e-con e-child\" data-id=\"bdea0ee\" data-element_type=\"container\" data-e-type=\"container\">\n\t\t\t\t<div class=\"elementor-element elementor-element-374c194 elementor-widget elementor-widget-text-editor\" data-id=\"374c194\" data-element_type=\"widget\" data-e-type=\"widget\" data-widget_type=\"text-editor.default\">\n\t\t\t\t\t\t\t\t\t<p>We are waiting for you in our restaurant with open arms so that you can live the experience!<\/p><p><strong>\u00a1Abrimos todos los d\u00edas!<\/strong><\/p><p>Horario: 12.00 a 01.00<\/p>\t\t\t\t\t\t\t\t<\/div>\n\t\t\t\t<\/div>\n\t\t<div class=\"elementor-element elementor-element-2ad85b4 e-con-full e-flex e-con e-child\" data-id=\"2ad85b4\" data-element_type=\"container\" data-e-type=\"container\">\n\t\t\t\t<div class=\"elementor-element elementor-element-9590331 elementor-widget__width-inherit elementor-widget elementor-widget-text-editor\" data-id=\"9590331\" data-element_type=\"widget\" data-e-type=\"widget\" data-widget_type=\"text-editor.default\">\n\t\t\t\t\t\t\t\t\t<p>Where we are:<br><strong>Av. Alcalde Manuel de la Pinta, 11E<br>11008 C\u00e1diz<\/strong><\/p>\t\t\t\t\t\t\t\t<\/div>\n\t\t\t\t<div class=\"elementor-element elementor-element-627df3b elementor-align-justify elementor-mobile-align-justify elementor-widget__width-initial elementor-widget elementor-widget-button\" data-id=\"627df3b\" data-element_type=\"widget\" data-e-type=\"widget\" data-widget_type=\"button.default\">\n\t\t\t\t\t\t\t\t\t\t<a class=\"elementor-button elementor-button-link elementor-size-sm\" href=\"https:\/\/goo.gl\/maps\/c6pSnuqY7y9x3SAK8\" target=\"_blank\">\n\t\t\t\t\t\t<span class=\"elementor-button-content-wrapper\">\n\t\t\t\t\t\t\t\t\t<span class=\"elementor-button-text\">Google Maps<\/span>\n\t\t\t\t\t<\/span>\n\t\t\t\t\t<\/a>\n\t\t\t\t\t\t\t\t<\/div>\n\t\t\t\t<div class=\"elementor-element elementor-element-3322ef8 elementor-align-justify elementor-mobile-align-justify elementor-widget__width-initial elementor-widget elementor-widget-button\" data-id=\"3322ef8\" data-element_type=\"widget\" data-e-type=\"widget\" data-widget_type=\"button.default\">\n\t\t\t\t\t\t\t\t\t\t<a class=\"elementor-button elementor-button-link elementor-size-sm\" href=\"tel:+34646420184\">\n\t\t\t\t\t\t<span class=\"elementor-button-content-wrapper\">\n\t\t\t\t\t\t\t\t\t<span class=\"elementor-button-text\">\u00a1Ll\u00e1manos!<\/span>\n\t\t\t\t\t<\/span>\n\t\t\t\t\t<\/a>\n\t\t\t\t\t\t\t\t<\/div>\n\t\t\t\t<div class=\"elementor-element elementor-element-a6409de elementor-shape-circle elementor-hidden-mobile elementor-grid-0 e-grid-align-center elementor-widget elementor-widget-social-icons\" data-id=\"a6409de\" data-element_type=\"widget\" data-e-type=\"widget\" data-widget_type=\"social-icons.default\">\n\t\t\t\t\t\t\t<div class=\"elementor-social-icons-wrapper elementor-grid\">\n\t\t\t\t\t\t\t<span class=\"elementor-grid-item\">\n\t\t\t\t\t<a class=\"elementor-icon elementor-social-icon elementor-social-icon-instagram elementor-repeater-item-a86cf71\" href=\"https:\/\/www.instagram.com\/tirabuzoncadiz\/\" target=\"_blank\">\n\t\t\t\t\t\t<span class=\"elementor-screen-only\">Instagram<\/span>\n\t\t\t\t\t\t<svg aria-hidden=\"true\" class=\"e-font-icon-svg e-fab-instagram\" viewbox=\"0 0 448 512\" xmlns=\"http:\/\/www.w3.org\/2000\/svg\"><path d=\"M224.1 141c-63.6 0-114.9 51.3-114.9 114.9s51.3 114.9 114.9 114.9S339 319.5 339 255.9 287.7 141 224.1 141zm0 189.6c-41.1 0-74.7-33.5-74.7-74.7s33.5-74.7 74.7-74.7 74.7 33.5 74.7 74.7-33.6 74.7-74.7 74.7zm146.4-194.3c0 14.9-12 26.8-26.8 26.8-14.9 0-26.8-12-26.8-26.8s12-26.8 26.8-26.8 26.8 12 26.8 26.8zm76.1 27.2c-1.7-35.9-9.9-67.7-36.2-93.9-26.2-26.2-58-34.4-93.9-36.2-37-2.1-147.9-2.1-184.9 0-35.8 1.7-67.6 9.9-93.9 36.1s-34.4 58-36.2 93.9c-2.1 37-2.1 147.9 0 184.9 1.7 35.9 9.9 67.7 36.2 93.9s58 34.4 93.9 36.2c37 2.1 147.9 2.1 184.9 0 35.9-1.7 67.7-9.9 93.9-36.2 26.2-26.2 34.4-58 36.2-93.9 2.1-37 2.1-147.8 0-184.8zM398.8 388c-7.8 19.6-22.9 34.7-42.6 42.6-29.5 11.7-99.5 9-132.1 9s-102.7 2.6-132.1-9c-19.6-7.8-34.7-22.9-42.6-42.6-11.7-29.5-9-99.5-9-132.1s-2.6-102.7 9-132.1c7.8-19.6 22.9-34.7 42.6-42.6 29.5-11.7 99.5-9 132.1-9s102.7-2.6 132.1 9c19.6 7.8 34.7 22.9 42.6 42.6 11.7 29.5 9 99.5 9 132.1s2.7 102.7-9 132.1z\"><\/path><\/svg>\t\t\t\t\t<\/a>\n\t\t\t\t<\/span>\n\t\t\t\t\t<\/div>\n\t\t\t\t\t\t<\/div>\n\t\t\t\t<\/div>\n\t\t\t\t<\/div>\n\t\t\t\t<\/div>\n\t\t\t\t\t<\/div>\n\t\t\t\t<\/div>\n\t\t\t\t<\/div>","protected":false},"excerpt":{"rendered":"<p>\u00a1Reserva tu mesa en Tirabuz\u00f3n! \u00a1Te esperamos en nuestro restaurante con los brazos abiertos para que vivas la experiencia! \u00a1Abrimos todos los d\u00edas! Horario: 12.00 a 01.00 Donde estamos:Av. Alcalde Manuel de la Pinta, 11E11008 C\u00e1diz Google Maps \u00a1Ll\u00e1manos! Instagram<\/p>","protected":false},"author":1,"featured_media":1037,"parent":0,"menu_order":0,"comment_status":"closed","ping_status":"closed","template":"","meta":{"footnotes":""},"class_list":["post-901","page","type-page","status-publish","has-post-thumbnail","hentry"],"yoast_head":"<!-- This site is optimized with the Yoast SEO plugin v27.3 - https:\/\/yoast.com\/product\/yoast-seo-wordpress\/ -->\n<title>Reserva tu mesa - Tirabuz\u00f3n C\u00e1diz<\/title>\n<meta name=\"description\" content=\"Aqu\u00ed podr\u00e1s encontrar toda la informaci\u00f3n para contactar nuestro restaurante y reservar tu mesa en tu restaurante favorito en C\u00e1diz\" \/>\n<meta name=\"robots\" content=\"index, follow, max-snippet:-1, max-image-preview:large, max-video-preview:-1\" \/>\n<link rel=\"canonical\" href=\"https:\/\/tirabuzoncadiz.com\/en\/contacto\/\" \/>\n<meta property=\"og:locale\" content=\"en_GB\" \/>\n<meta property=\"og:type\" content=\"article\" \/>\n<meta property=\"og:title\" content=\"Reserva tu mesa - Tirabuz\u00f3n C\u00e1diz\" \/>\n<meta property=\"og:description\" content=\"Aqu\u00ed podr\u00e1s encontrar toda la informaci\u00f3n para contactar nuestro restaurante y reservar tu mesa en tu restaurante favorito en C\u00e1diz\" \/>\n<meta property=\"og:url\" content=\"https:\/\/tirabuzoncadiz.com\/en\/contacto\/\" \/>\n<meta property=\"og:site_name\" content=\"Tirabuz\u00f3n C\u00e1diz\" \/>\n<meta property=\"article:modified_time\" content=\"2026-03-12T13:17:02+00:00\" \/>\n<meta property=\"og:image\" content=\"http:\/\/tirabuzoncadiz.com\/wp-content\/uploads\/2023\/06\/experiencia-tirabuzon.webp\" \/>\n\t<meta property=\"og:image:width\" content=\"942\" \/>\n\t<meta property=\"og:image:height\" content=\"678\" \/>\n\t<meta property=\"og:image:type\" content=\"image\/webp\" \/>\n<meta name=\"twitter:card\" content=\"summary_large_image\" \/>\n<meta name=\"twitter:label1\" content=\"Estimated reading time\" \/>\n\t<meta name=\"twitter:data1\" content=\"1 minute\" \/>\n<script type=\"application\/ld+json\" class=\"yoast-schema-graph\">{\"@context\":\"https:\\\/\\\/schema.org\",\"@graph\":[{\"@type\":\"WebPage\",\"@id\":\"https:\\\/\\\/tirabuzoncadiz.com\\\/contacto\\\/\",\"url\":\"https:\\\/\\\/tirabuzoncadiz.com\\\/contacto\\\/\",\"name\":\"Reserva tu mesa - Tirabuz\u00f3n C\u00e1diz\",\"isPartOf\":{\"@id\":\"https:\\\/\\\/tirabuzoncadiz.com\\\/#website\"},\"primaryImageOfPage\":{\"@id\":\"https:\\\/\\\/tirabuzoncadiz.com\\\/contacto\\\/#primaryimage\"},\"image\":{\"@id\":\"https:\\\/\\\/tirabuzoncadiz.com\\\/contacto\\\/#primaryimage\"},\"thumbnailUrl\":\"https:\\\/\\\/tirabuzoncadiz.com\\\/wp-content\\\/uploads\\\/2023\\\/06\\\/experiencia-tirabuzon.webp\",\"datePublished\":\"2023-06-21T16:03:18+00:00\",\"dateModified\":\"2026-03-12T13:17:02+00:00\",\"description\":\"Aqu\u00ed podr\u00e1s encontrar toda la informaci\u00f3n para contactar nuestro restaurante y reservar tu mesa en tu restaurante favorito en C\u00e1diz\",\"breadcrumb\":{\"@id\":\"https:\\\/\\\/tirabuzoncadiz.com\\\/contacto\\\/#breadcrumb\"},\"inLanguage\":\"en-GB\",\"potentialAction\":[{\"@type\":\"ReadAction\",\"target\":[\"https:\\\/\\\/tirabuzoncadiz.com\\\/contacto\\\/\"]}]},{\"@type\":\"ImageObject\",\"inLanguage\":\"en-GB\",\"@id\":\"https:\\\/\\\/tirabuzoncadiz.com\\\/contacto\\\/#primaryimage\",\"url\":\"https:\\\/\\\/tirabuzoncadiz.com\\\/wp-content\\\/uploads\\\/2023\\\/06\\\/experiencia-tirabuzon.webp\",\"contentUrl\":\"https:\\\/\\\/tirabuzoncadiz.com\\\/wp-content\\\/uploads\\\/2023\\\/06\\\/experiencia-tirabuzon.webp\",\"width\":942,\"height\":678,\"caption\":\"experiencia tirabuzon\"},{\"@type\":\"BreadcrumbList\",\"@id\":\"https:\\\/\\\/tirabuzoncadiz.com\\\/contacto\\\/#breadcrumb\",\"itemListElement\":[{\"@type\":\"ListItem\",\"position\":1,\"name\":\"Portada\",\"item\":\"https:\\\/\\\/tirabuzoncadiz.com\\\/\"},{\"@type\":\"ListItem\",\"position\":2,\"name\":\"Contacto\"}]},{\"@type\":\"WebSite\",\"@id\":\"https:\\\/\\\/tirabuzoncadiz.com\\\/#website\",\"url\":\"https:\\\/\\\/tirabuzoncadiz.com\\\/\",\"name\":\"Tirabuz\u00f3n C\u00e1diz\",\"description\":\"Chiringuito en C\u00e1diz\",\"publisher\":{\"@id\":\"https:\\\/\\\/tirabuzoncadiz.com\\\/#organization\"},\"potentialAction\":[{\"@type\":\"SearchAction\",\"target\":{\"@type\":\"EntryPoint\",\"urlTemplate\":\"https:\\\/\\\/tirabuzoncadiz.com\\\/?s={search_term_string}\"},\"query-input\":{\"@type\":\"PropertyValueSpecification\",\"valueRequired\":true,\"valueName\":\"search_term_string\"}}],\"inLanguage\":\"en-GB\"},{\"@type\":\"Organization\",\"@id\":\"https:\\\/\\\/tirabuzoncadiz.com\\\/#organization\",\"name\":\"Tirabuz\u00f3n C\u00e1diz\",\"url\":\"https:\\\/\\\/tirabuzoncadiz.com\\\/\",\"logo\":{\"@type\":\"ImageObject\",\"inLanguage\":\"en-GB\",\"@id\":\"https:\\\/\\\/tirabuzoncadiz.com\\\/#\\\/schema\\\/logo\\\/image\\\/\",\"url\":\"https:\\\/\\\/tirabuzoncadiz.com\\\/wp-content\\\/uploads\\\/2023\\\/02\\\/tirabuzon-logo.svg\",\"contentUrl\":\"https:\\\/\\\/tirabuzoncadiz.com\\\/wp-content\\\/uploads\\\/2023\\\/02\\\/tirabuzon-logo.svg\",\"caption\":\"Tirabuz\u00f3n C\u00e1diz\"},\"image\":{\"@id\":\"https:\\\/\\\/tirabuzoncadiz.com\\\/#\\\/schema\\\/logo\\\/image\\\/\"}}]}<\/script>\n<!-- \/ Yoast SEO plugin. -->","yoast_head_json":{"title":"Reserva tu mesa - Tirabuz\u00f3n C\u00e1diz","description":"Aqu\u00ed podr\u00e1s encontrar toda la informaci\u00f3n para contactar nuestro restaurante y reservar tu mesa en tu restaurante favorito en C\u00e1diz","robots":{"index":"index","follow":"follow","max-snippet":"max-snippet:-1","max-image-preview":"max-image-preview:large","max-video-preview":"max-video-preview:-1"},"canonical":"https:\/\/tirabuzoncadiz.com\/en\/contacto\/","og_locale":"en_GB","og_type":"article","og_title":"Reserva tu mesa - Tirabuz\u00f3n C\u00e1diz","og_description":"Aqu\u00ed podr\u00e1s encontrar toda la informaci\u00f3n para contactar nuestro restaurante y reservar tu mesa en tu restaurante favorito en C\u00e1diz","og_url":"https:\/\/tirabuzoncadiz.com\/en\/contacto\/","og_site_name":"Tirabuz\u00f3n C\u00e1diz","article_modified_time":"2026-03-12T13:17:02+00:00","og_image":[{"width":942,"height":678,"url":"http:\/\/tirabuzoncadiz.com\/wp-content\/uploads\/2023\/06\/experiencia-tirabuzon.webp","type":"image\/webp"}],"twitter_card":"summary_large_image","twitter_misc":{"Estimated reading time":"1 minute"},"schema":{"@context":"https:\/\/schema.org","@graph":[{"@type":"WebPage","@id":"https:\/\/tirabuzoncadiz.com\/contacto\/","url":"https:\/\/tirabuzoncadiz.com\/contacto\/","name":"Reserva tu mesa - Tirabuz\u00f3n C\u00e1diz","isPartOf":{"@id":"https:\/\/tirabuzoncadiz.com\/#website"},"primaryImageOfPage":{"@id":"https:\/\/tirabuzoncadiz.com\/contacto\/#primaryimage"},"image":{"@id":"https:\/\/tirabuzoncadiz.com\/contacto\/#primaryimage"},"thumbnailUrl":"https:\/\/tirabuzoncadiz.com\/wp-content\/uploads\/2023\/06\/experiencia-tirabuzon.webp","datePublished":"2023-06-21T16:03:18+00:00","dateModified":"2026-03-12T13:17:02+00:00","description":"Aqu\u00ed podr\u00e1s encontrar toda la informaci\u00f3n para contactar nuestro restaurante y reservar tu mesa en tu restaurante favorito en C\u00e1diz","breadcrumb":{"@id":"https:\/\/tirabuzoncadiz.com\/contacto\/#breadcrumb"},"inLanguage":"en-GB","potentialAction":[{"@type":"ReadAction","target":["https:\/\/tirabuzoncadiz.com\/contacto\/"]}]},{"@type":"ImageObject","inLanguage":"en-GB","@id":"https:\/\/tirabuzoncadiz.com\/contacto\/#primaryimage","url":"https:\/\/tirabuzoncadiz.com\/wp-content\/uploads\/2023\/06\/experiencia-tirabuzon.webp","contentUrl":"https:\/\/tirabuzoncadiz.com\/wp-content\/uploads\/2023\/06\/experiencia-tirabuzon.webp","width":942,"height":678,"caption":"experiencia tirabuzon"},{"@type":"BreadcrumbList","@id":"https:\/\/tirabuzoncadiz.com\/contacto\/#breadcrumb","itemListElement":[{"@type":"ListItem","position":1,"name":"Portada","item":"https:\/\/tirabuzoncadiz.com\/"},{"@type":"ListItem","position":2,"name":"Contacto"}]},{"@type":"WebSite","@id":"https:\/\/tirabuzoncadiz.com\/#website","url":"https:\/\/tirabuzoncadiz.com\/","name":"Tirabuz\u00f3n C\u00e1diz","description":"Chiringuito en C\u00e1diz","publisher":{"@id":"https:\/\/tirabuzoncadiz.com\/#organization"},"potentialAction":[{"@type":"SearchAction","target":{"@type":"EntryPoint","urlTemplate":"https:\/\/tirabuzoncadiz.com\/?s={search_term_string}"},"query-input":{"@type":"PropertyValueSpecification","valueRequired":true,"valueName":"search_term_string"}}],"inLanguage":"en-GB"},{"@type":"Organization","@id":"https:\/\/tirabuzoncadiz.com\/#organization","name":"Tirabuz\u00f3n C\u00e1diz","url":"https:\/\/tirabuzoncadiz.com\/","logo":{"@type":"ImageObject","inLanguage":"en-GB","@id":"https:\/\/tirabuzoncadiz.com\/#\/schema\/logo\/image\/","url":"https:\/\/tirabuzoncadiz.com\/wp-content\/uploads\/2023\/02\/tirabuzon-logo.svg","contentUrl":"https:\/\/tirabuzoncadiz.com\/wp-content\/uploads\/2023\/02\/tirabuzon-logo.svg","caption":"Tirabuz\u00f3n C\u00e1diz"},"image":{"@id":"https:\/\/tirabuzoncadiz.com\/#\/schema\/logo\/image\/"}}]}},"_links":{"self":[{"href":"https:\/\/tirabuzoncadiz.com\/en\/wp-json\/wp\/v2\/pages\/901","targetHints":{"allow":["GET"]}}],"collection":[{"href":"https:\/\/tirabuzoncadiz.com\/en\/wp-json\/wp\/v2\/pages"}],"about":[{"href":"https:\/\/tirabuzoncadiz.com\/en\/wp-json\/wp\/v2\/types\/page"}],"author":[{"embeddable":true,"href":"https:\/\/tirabuzoncadiz.com\/en\/wp-json\/wp\/v2\/users\/1"}],"replies":[{"embeddable":true,"href":"https:\/\/tirabuzoncadiz.com\/en\/wp-json\/wp\/v2\/comments?post=901"}],"version-history":[{"count":1,"href":"https:\/\/tirabuzoncadiz.com\/en\/wp-json\/wp\/v2\/pages\/901\/revisions"}],"predecessor-version":[{"id":1798,"href":"https:\/\/tirabuzoncadiz.com\/en\/wp-json\/wp\/v2\/pages\/901\/revisions\/1798"}],"wp:featuredmedia":[{"embeddable":true,"href":"https:\/\/tirabuzoncadiz.com\/en\/wp-json\/wp\/v2\/media\/1037"}],"wp:attachment":[{"href":"https:\/\/tirabuzoncadiz.com\/en\/wp-json\/wp\/v2\/media?parent=901"}],"curies":[{"name":"wp","href":"https:\/\/api.w.org\/{rel}","templated":true}]}}