{"id":780,"date":"2023-05-06T08:00:31","date_gmt":"2023-05-06T08:00:31","guid":{"rendered":"https:\/\/tirabuzoncadiz.com\/?page_id=780"},"modified":"2023-06-23T10:25:00","modified_gmt":"2023-06-23T10:25:00","slug":"destacados","status":"publish","type":"page","link":"https:\/\/tirabuzoncadiz.com\/en\/destacados\/","title":{"rendered":"Carta"},"content":{"rendered":"<div data-elementor-type=\"wp-page\" data-elementor-id=\"780\" class=\"elementor elementor-780\" data-elementor-post-type=\"page\">\n\t\t\t\t<div class=\"elementor-element elementor-element-61c848c e-flex e-con-boxed e-con e-parent\" data-id=\"61c848c\" data-element_type=\"container\" data-e-type=\"container\">\n\t\t\t\t\t<div class=\"e-con-inner\">\n\t\t\t\t<div class=\"elementor-element elementor-element-2bee75b elementor-hidden-mobile elementor-widget-divider--view-line elementor-widget elementor-widget-divider\" data-id=\"2bee75b\" data-element_type=\"widget\" data-e-type=\"widget\" data-widget_type=\"divider.default\">\n\t\t\t\t\t\t\t<div class=\"elementor-divider\">\n\t\t\t<span class=\"elementor-divider-separator\">\n\t\t\t\t\t\t<\/span>\n\t\t<\/div>\n\t\t\t\t\t\t<\/div>\n\t\t<div class=\"elementor-element elementor-element-bf51d7e e-con-full e-flex e-con e-parent\" data-id=\"bf51d7e\" data-element_type=\"container\" data-e-type=\"container\" data-settings=\"{&quot;background_background&quot;:&quot;classic&quot;}\">\n\t\t\t\t<div class=\"elementor-element elementor-element-d4fa5c8 elementor-nav-menu__align-center elementor-nav-menu--dropdown-none elementor-widget elementor-widget-nav-menu\" data-id=\"d4fa5c8\" data-element_type=\"widget\" data-e-type=\"widget\" data-settings=\"{&quot;layout&quot;:&quot;vertical&quot;,&quot;submenu_icon&quot;:{&quot;value&quot;:&quot;&lt;svg aria-hidden=\\&quot;true\\&quot; class=\\&quot;e-font-icon-svg e-fas-caret-down\\&quot; viewBox=\\&quot;0 0 320 512\\&quot; xmlns=\\&quot;http:\\\/\\\/www.w3.org\\\/2000\\\/svg\\&quot;&gt;&lt;path d=\\&quot;M31.3 192h257.3c17.8 0 26.7 21.5 14.1 34.1L174.1 354.8c-7.8 7.8-20.5 7.8-28.3 0L17.2 226.1C4.6 213.5 13.5 192 31.3 192z\\&quot;&gt;&lt;\\\/path&gt;&lt;\\\/svg&gt;&quot;,&quot;library&quot;:&quot;fa-solid&quot;}}\" data-widget_type=\"nav-menu.default\">\n\t\t\t\t\t\t\t\t<nav aria-label=\"Menu\" class=\"elementor-nav-menu--main elementor-nav-menu__container elementor-nav-menu--layout-vertical e--pointer-none\">\n\t\t\t\t<ul id=\"menu-1-d4fa5c8\" class=\"elementor-nav-menu sm-vertical\"><li class=\"menu-item menu-item-type-post_type menu-item-object-page menu-item-1809\"><a href=\"https:\/\/tirabuzoncadiz.com\/en\/comidas\/\" class=\"elementor-item\">Food<\/a><\/li>\n<li class=\"menu-item menu-item-type-post_type menu-item-object-page menu-item-1100\"><a href=\"https:\/\/tirabuzoncadiz.com\/en\/bebidas\/\" class=\"elementor-item\">Drinks<\/a><\/li>\n<li class=\"menu-item menu-item-type-post_type menu-item-object-page menu-item-1101\"><a href=\"https:\/\/tirabuzoncadiz.com\/en\/menus\/\" class=\"elementor-item\">Menu<\/a><\/li>\n<\/ul>\t\t\t<\/nav>\n\t\t\t\t\t\t<nav class=\"elementor-nav-menu--dropdown elementor-nav-menu__container\" aria-hidden=\"true\">\n\t\t\t\t<ul id=\"menu-2-d4fa5c8\" class=\"elementor-nav-menu sm-vertical\"><li class=\"menu-item menu-item-type-post_type menu-item-object-page menu-item-1809\"><a href=\"https:\/\/tirabuzoncadiz.com\/en\/comidas\/\" class=\"elementor-item\" tabindex=\"-1\">Food<\/a><\/li>\n<li class=\"menu-item menu-item-type-post_type menu-item-object-page menu-item-1100\"><a href=\"https:\/\/tirabuzoncadiz.com\/en\/bebidas\/\" class=\"elementor-item\" tabindex=\"-1\">Drinks<\/a><\/li>\n<li class=\"menu-item menu-item-type-post_type menu-item-object-page menu-item-1101\"><a href=\"https:\/\/tirabuzoncadiz.com\/en\/menus\/\" class=\"elementor-item\" tabindex=\"-1\">Menu<\/a><\/li>\n<\/ul>\t\t\t<\/nav>\n\t\t\t\t\t\t<\/div>\n\t\t\t\t<\/div>\n\t\t<div class=\"elementor-element elementor-element-24d5ac9 e-flex e-con-boxed e-con e-parent\" data-id=\"24d5ac9\" data-element_type=\"container\" data-e-type=\"container\">\n\t\t\t\t\t<div class=\"e-con-inner\">\n\t\t\t\t<div class=\"elementor-element elementor-element-76841b0 elementor-widget-mobile__width-initial elementor-widget elementor-widget-text-editor\" data-id=\"76841b0\" data-element_type=\"widget\" data-e-type=\"widget\" data-widget_type=\"text-editor.default\">\n\t\t\t\t\t\t\t\t\t<p>Escr\u00edbenos por WhatsApp para reservar tu mesa<\/p>\t\t\t\t\t\t\t\t<\/div>\n\t\t\t\t<div class=\"elementor-element elementor-element-e598b56 elementor-align-center elementor-widget__width-inherit olab-whatsapp-button-icon elementor-widget elementor-widget-button\" data-id=\"e598b56\" data-element_type=\"widget\" data-e-type=\"widget\" data-widget_type=\"button.default\">\n\t\t\t\t\t\t\t\t\t\t<a class=\"elementor-button elementor-button-link elementor-size-sm\" href=\"https:\/\/api.whatsapp.com\/send?phone=34646420184\">\n\t\t\t\t\t\t<span class=\"elementor-button-content-wrapper\">\n\t\t\t\t\t\t<span class=\"elementor-button-icon\">\n\t\t\t\t<svg aria-hidden=\"true\" class=\"e-font-icon-svg e-fab-whatsapp\" viewbox=\"0 0 448 512\" xmlns=\"http:\/\/www.w3.org\/2000\/svg\"><path d=\"M380.9 97.1C339 55.1 283.2 32 223.9 32c-122.4 0-222 99.6-222 222 0 39.1 10.2 77.3 29.6 111L0 480l117.7-30.9c32.4 17.7 68.9 27 106.1 27h.1c122.3 0 224.1-99.6 224.1-222 0-59.3-25.2-115-67.1-157zm-157 341.6c-33.2 0-65.7-8.9-94-25.7l-6.7-4-69.8 18.3L72 359.2l-4.4-7c-18.5-29.4-28.2-63.3-28.2-98.2 0-101.7 82.8-184.5 184.6-184.5 49.3 0 95.6 19.2 130.4 54.1 34.8 34.9 56.2 81.2 56.1 130.5 0 101.8-84.9 184.6-186.6 184.6zm101.2-138.2c-5.5-2.8-32.8-16.2-37.9-18-5.1-1.9-8.8-2.8-12.5 2.8-3.7 5.6-14.3 18-17.6 21.8-3.2 3.7-6.5 4.2-12 1.4-32.6-16.3-54-29.1-75.5-66-5.7-9.8 5.7-9.1 16.3-30.3 1.8-3.7.9-6.9-.5-9.7-1.4-2.8-12.5-30.1-17.1-41.2-4.5-10.8-9.1-9.3-12.5-9.5-3.2-.2-6.9-.2-10.6-.2-3.7 0-9.7 1.4-14.8 6.9-5.1 5.6-19.4 19-19.4 46.3 0 27.3 19.9 53.7 22.6 57.4 2.8 3.7 39.1 59.7 94.8 83.8 35.2 15.2 49 16.5 66.6 13.9 10.7-1.6 32.8-13.4 37.4-26.4 4.6-13 4.6-24.1 3.2-26.4-1.3-2.5-5-3.9-10.5-6.6z\"><\/path><\/svg>\t\t\t<\/span>\n\t\t\t\t\t\t\t\t\t<span class=\"elementor-button-text\">+34 646 420 184<\/span>\n\t\t\t\t\t<\/span>\n\t\t\t\t\t<\/a>\n\t\t\t\t\t\t\t\t<\/div>\n\t\t\t\t\t<\/div>\n\t\t\t\t<\/div>\n\t\t\t\t<div class=\"elementor-element elementor-element-f7587cc elementor-widget-divider--view-line elementor-widget elementor-widget-divider\" data-id=\"f7587cc\" data-element_type=\"widget\" data-e-type=\"widget\" data-widget_type=\"divider.default\">\n\t\t\t\t\t\t\t<div class=\"elementor-divider\">\n\t\t\t<span class=\"elementor-divider-separator\">\n\t\t\t\t\t\t<\/span>\n\t\t<\/div>\n\t\t\t\t\t\t<\/div>\n\t\t\t\t<div class=\"elementor-element elementor-element-9cb9c11 elementor-widget elementor-widget-image\" data-id=\"9cb9c11\" data-element_type=\"widget\" data-e-type=\"widget\" data-widget_type=\"image.default\">\n\t\t\t\t\t\t\t\t\t\t\t\t\t\t\t<img decoding=\"async\" width=\"1\" height=\"1\" src=\"https:\/\/tirabuzoncadiz.com\/wp-content\/uploads\/2023\/02\/tirabuzon-logo-carta.svg\" class=\"attachment-large size-large wp-image-16\" alt=\"\" \/>\t\t\t\t\t\t\t\t\t\t\t\t\t\t\t<\/div>\n\t\t\t\t<div class=\"elementor-element elementor-element-744dea3 elementor-widget-divider--view-line elementor-widget elementor-widget-divider\" data-id=\"744dea3\" data-element_type=\"widget\" data-e-type=\"widget\" data-widget_type=\"divider.default\">\n\t\t\t\t\t\t\t<div class=\"elementor-divider\">\n\t\t\t<span class=\"elementor-divider-separator\">\n\t\t\t\t\t\t<\/span>\n\t\t<\/div>\n\t\t\t\t\t\t<\/div>\n\t\t\t\t\t<\/div>\n\t\t\t\t<\/div>\n\t\t\t\t<\/div>","protected":false},"excerpt":{"rendered":"<p>Escr\u00edbenos por WhatsApp para reservar tu mesa +34 646 420 184<\/p>","protected":false},"author":2,"featured_media":0,"parent":0,"menu_order":0,"comment_status":"closed","ping_status":"closed","template":"","meta":{"footnotes":""},"class_list":["post-780","page","type-page","status-publish","hentry"],"yoast_head":"<!-- This site is optimized with the Yoast SEO plugin v27.3 - https:\/\/yoast.com\/product\/yoast-seo-wordpress\/ -->\n<title>Carta - Tirabuz\u00f3n C\u00e1diz<\/title>\n<meta name=\"robots\" content=\"noindex, nofollow\" \/>\n<meta property=\"og:locale\" content=\"en_GB\" \/>\n<meta property=\"og:type\" content=\"article\" \/>\n<meta property=\"og:title\" content=\"Carta - Tirabuz\u00f3n C\u00e1diz\" \/>\n<meta property=\"og:description\" content=\"Escr\u00edbenos por WhatsApp para reservar tu mesa +34 646 420 184\" \/>\n<meta property=\"og:url\" content=\"https:\/\/tirabuzoncadiz.com\/en\/destacados\/\" \/>\n<meta property=\"og:site_name\" content=\"Tirabuz\u00f3n C\u00e1diz\" \/>\n<meta property=\"article:modified_time\" content=\"2023-06-23T10:25:00+00:00\" \/>\n<meta property=\"og:image\" content=\"http:\/\/tirabuzoncadiz.com\/wp-content\/uploads\/2023\/02\/tirabuzon-logo-carta.svg\" \/>\n<meta name=\"twitter:card\" content=\"summary_large_image\" \/>\n<meta name=\"twitter:label1\" content=\"Estimated reading time\" \/>\n\t<meta name=\"twitter:data1\" content=\"1 minute\" \/>\n<script type=\"application\/ld+json\" class=\"yoast-schema-graph\">{\"@context\":\"https:\\\/\\\/schema.org\",\"@graph\":[{\"@type\":\"WebPage\",\"@id\":\"https:\\\/\\\/tirabuzoncadiz.com\\\/destacados\\\/\",\"url\":\"https:\\\/\\\/tirabuzoncadiz.com\\\/destacados\\\/\",\"name\":\"Carta - Tirabuz\u00f3n C\u00e1diz\",\"isPartOf\":{\"@id\":\"https:\\\/\\\/tirabuzoncadiz.com\\\/#website\"},\"primaryImageOfPage\":{\"@id\":\"https:\\\/\\\/tirabuzoncadiz.com\\\/destacados\\\/#primaryimage\"},\"image\":{\"@id\":\"https:\\\/\\\/tirabuzoncadiz.com\\\/destacados\\\/#primaryimage\"},\"thumbnailUrl\":\"http:\\\/\\\/tirabuzoncadiz.com\\\/wp-content\\\/uploads\\\/2023\\\/02\\\/tirabuzon-logo-carta.svg\",\"datePublished\":\"2023-05-06T08:00:31+00:00\",\"dateModified\":\"2023-06-23T10:25:00+00:00\",\"breadcrumb\":{\"@id\":\"https:\\\/\\\/tirabuzoncadiz.com\\\/destacados\\\/#breadcrumb\"},\"inLanguage\":\"en-GB\",\"potentialAction\":[{\"@type\":\"ReadAction\",\"target\":[\"https:\\\/\\\/tirabuzoncadiz.com\\\/destacados\\\/\"]}]},{\"@type\":\"ImageObject\",\"inLanguage\":\"en-GB\",\"@id\":\"https:\\\/\\\/tirabuzoncadiz.com\\\/destacados\\\/#primaryimage\",\"url\":\"http:\\\/\\\/tirabuzoncadiz.com\\\/wp-content\\\/uploads\\\/2023\\\/02\\\/tirabuzon-logo-carta.svg\",\"contentUrl\":\"http:\\\/\\\/tirabuzoncadiz.com\\\/wp-content\\\/uploads\\\/2023\\\/02\\\/tirabuzon-logo-carta.svg\"},{\"@type\":\"BreadcrumbList\",\"@id\":\"https:\\\/\\\/tirabuzoncadiz.com\\\/destacados\\\/#breadcrumb\",\"itemListElement\":[{\"@type\":\"ListItem\",\"position\":1,\"name\":\"Portada\",\"item\":\"https:\\\/\\\/tirabuzoncadiz.com\\\/\"},{\"@type\":\"ListItem\",\"position\":2,\"name\":\"Carta\"}]},{\"@type\":\"WebSite\",\"@id\":\"https:\\\/\\\/tirabuzoncadiz.com\\\/#website\",\"url\":\"https:\\\/\\\/tirabuzoncadiz.com\\\/\",\"name\":\"Tirabuz\u00f3n C\u00e1diz\",\"description\":\"Chiringuito en C\u00e1diz\",\"publisher\":{\"@id\":\"https:\\\/\\\/tirabuzoncadiz.com\\\/#organization\"},\"potentialAction\":[{\"@type\":\"SearchAction\",\"target\":{\"@type\":\"EntryPoint\",\"urlTemplate\":\"https:\\\/\\\/tirabuzoncadiz.com\\\/?s={search_term_string}\"},\"query-input\":{\"@type\":\"PropertyValueSpecification\",\"valueRequired\":true,\"valueName\":\"search_term_string\"}}],\"inLanguage\":\"en-GB\"},{\"@type\":\"Organization\",\"@id\":\"https:\\\/\\\/tirabuzoncadiz.com\\\/#organization\",\"name\":\"Tirabuz\u00f3n C\u00e1diz\",\"url\":\"https:\\\/\\\/tirabuzoncadiz.com\\\/\",\"logo\":{\"@type\":\"ImageObject\",\"inLanguage\":\"en-GB\",\"@id\":\"https:\\\/\\\/tirabuzoncadiz.com\\\/#\\\/schema\\\/logo\\\/image\\\/\",\"url\":\"https:\\\/\\\/tirabuzoncadiz.com\\\/wp-content\\\/uploads\\\/2023\\\/02\\\/tirabuzon-logo.svg\",\"contentUrl\":\"https:\\\/\\\/tirabuzoncadiz.com\\\/wp-content\\\/uploads\\\/2023\\\/02\\\/tirabuzon-logo.svg\",\"caption\":\"Tirabuz\u00f3n C\u00e1diz\"},\"image\":{\"@id\":\"https:\\\/\\\/tirabuzoncadiz.com\\\/#\\\/schema\\\/logo\\\/image\\\/\"}}]}<\/script>\n<!-- \/ Yoast SEO plugin. -->","yoast_head_json":{"title":"Carta - Tirabuz\u00f3n C\u00e1diz","robots":{"index":"noindex","follow":"nofollow"},"og_locale":"en_GB","og_type":"article","og_title":"Carta - Tirabuz\u00f3n C\u00e1diz","og_description":"Escr\u00edbenos por WhatsApp para reservar tu mesa +34 646 420 184","og_url":"https:\/\/tirabuzoncadiz.com\/en\/destacados\/","og_site_name":"Tirabuz\u00f3n C\u00e1diz","article_modified_time":"2023-06-23T10:25:00+00:00","og_image":[{"url":"http:\/\/tirabuzoncadiz.com\/wp-content\/uploads\/2023\/02\/tirabuzon-logo-carta.svg","type":"","width":"","height":""}],"twitter_card":"summary_large_image","twitter_misc":{"Estimated reading time":"1 minute"},"schema":{"@context":"https:\/\/schema.org","@graph":[{"@type":"WebPage","@id":"https:\/\/tirabuzoncadiz.com\/destacados\/","url":"https:\/\/tirabuzoncadiz.com\/destacados\/","name":"Carta - Tirabuz\u00f3n C\u00e1diz","isPartOf":{"@id":"https:\/\/tirabuzoncadiz.com\/#website"},"primaryImageOfPage":{"@id":"https:\/\/tirabuzoncadiz.com\/destacados\/#primaryimage"},"image":{"@id":"https:\/\/tirabuzoncadiz.com\/destacados\/#primaryimage"},"thumbnailUrl":"http:\/\/tirabuzoncadiz.com\/wp-content\/uploads\/2023\/02\/tirabuzon-logo-carta.svg","datePublished":"2023-05-06T08:00:31+00:00","dateModified":"2023-06-23T10:25:00+00:00","breadcrumb":{"@id":"https:\/\/tirabuzoncadiz.com\/destacados\/#breadcrumb"},"inLanguage":"en-GB","potentialAction":[{"@type":"ReadAction","target":["https:\/\/tirabuzoncadiz.com\/destacados\/"]}]},{"@type":"ImageObject","inLanguage":"en-GB","@id":"https:\/\/tirabuzoncadiz.com\/destacados\/#primaryimage","url":"http:\/\/tirabuzoncadiz.com\/wp-content\/uploads\/2023\/02\/tirabuzon-logo-carta.svg","contentUrl":"http:\/\/tirabuzoncadiz.com\/wp-content\/uploads\/2023\/02\/tirabuzon-logo-carta.svg"},{"@type":"BreadcrumbList","@id":"https:\/\/tirabuzoncadiz.com\/destacados\/#breadcrumb","itemListElement":[{"@type":"ListItem","position":1,"name":"Portada","item":"https:\/\/tirabuzoncadiz.com\/"},{"@type":"ListItem","position":2,"name":"Carta"}]},{"@type":"WebSite","@id":"https:\/\/tirabuzoncadiz.com\/#website","url":"https:\/\/tirabuzoncadiz.com\/","name":"Tirabuz\u00f3n C\u00e1diz","description":"Chiringuito en C\u00e1diz","publisher":{"@id":"https:\/\/tirabuzoncadiz.com\/#organization"},"potentialAction":[{"@type":"SearchAction","target":{"@type":"EntryPoint","urlTemplate":"https:\/\/tirabuzoncadiz.com\/?s={search_term_string}"},"query-input":{"@type":"PropertyValueSpecification","valueRequired":true,"valueName":"search_term_string"}}],"inLanguage":"en-GB"},{"@type":"Organization","@id":"https:\/\/tirabuzoncadiz.com\/#organization","name":"Tirabuz\u00f3n C\u00e1diz","url":"https:\/\/tirabuzoncadiz.com\/","logo":{"@type":"ImageObject","inLanguage":"en-GB","@id":"https:\/\/tirabuzoncadiz.com\/#\/schema\/logo\/image\/","url":"https:\/\/tirabuzoncadiz.com\/wp-content\/uploads\/2023\/02\/tirabuzon-logo.svg","contentUrl":"https:\/\/tirabuzoncadiz.com\/wp-content\/uploads\/2023\/02\/tirabuzon-logo.svg","caption":"Tirabuz\u00f3n C\u00e1diz"},"image":{"@id":"https:\/\/tirabuzoncadiz.com\/#\/schema\/logo\/image\/"}}]}},"_links":{"self":[{"href":"https:\/\/tirabuzoncadiz.com\/en\/wp-json\/wp\/v2\/pages\/780","targetHints":{"allow":["GET"]}}],"collection":[{"href":"https:\/\/tirabuzoncadiz.com\/en\/wp-json\/wp\/v2\/pages"}],"about":[{"href":"https:\/\/tirabuzoncadiz.com\/en\/wp-json\/wp\/v2\/types\/page"}],"author":[{"embeddable":true,"href":"https:\/\/tirabuzoncadiz.com\/en\/wp-json\/wp\/v2\/users\/2"}],"replies":[{"embeddable":true,"href":"https:\/\/tirabuzoncadiz.com\/en\/wp-json\/wp\/v2\/comments?post=780"}],"version-history":[{"count":0,"href":"https:\/\/tirabuzoncadiz.com\/en\/wp-json\/wp\/v2\/pages\/780\/revisions"}],"wp:attachment":[{"href":"https:\/\/tirabuzoncadiz.com\/en\/wp-json\/wp\/v2\/media?parent=780"}],"curies":[{"name":"wp","href":"https:\/\/api.w.org\/{rel}","templated":true}]}}