{"id":1611,"date":"2025-03-21T12:19:21","date_gmt":"2025-03-21T12:19:21","guid":{"rendered":"https:\/\/tirabuzoncadiz.com\/?page_id=1611"},"modified":"2026-03-16T10:26:03","modified_gmt":"2026-03-16T09:26:03","slug":"reservar-mesa","status":"publish","type":"page","link":"https:\/\/tirabuzoncadiz.com\/en\/reservar-mesa\/","title":{"rendered":"Reservar mesa"},"content":{"rendered":"<div data-elementor-type=\"wp-page\" data-elementor-id=\"1611\" class=\"elementor elementor-1611\" data-elementor-post-type=\"page\">\n\t\t\t\t<div class=\"elementor-element elementor-element-899c591 e-flex e-con-boxed e-con e-parent\" data-id=\"899c591\" data-element_type=\"container\" data-e-type=\"container\" data-settings=\"{&quot;background_background&quot;:&quot;classic&quot;}\">\n\t\t\t\t\t<div class=\"e-con-inner\">\n\t\t\t\t<div class=\"elementor-element elementor-element-ab8faa4 elementor-widget elementor-widget-theme-site-logo elementor-widget-image\" data-id=\"ab8faa4\" data-element_type=\"widget\" data-e-type=\"widget\" data-widget_type=\"theme-site-logo.default\">\n\t\t\t\t\t\t\t\t\t\t\t<a href=\"https:\/\/tirabuzoncadiz.com\/en\">\n\t\t\t<img decoding=\"async\" src=\"https:\/\/tirabuzoncadiz.com\/wp-content\/uploads\/2023\/02\/tirabuzon-logo.svg\" class=\"attachment-full size-full wp-image-15\" alt=\"\" \/>\t\t\t\t<\/a>\n\t\t\t\t\t\t\t\t\t\t\t<\/div>\n\t\t\t\t<div class=\"elementor-element elementor-element-f4c513a elementor-align-justify elementor-widget__width-initial elementor-mobile-align-justify elementor-widget elementor-widget-button\" data-id=\"f4c513a\" data-element_type=\"widget\" data-e-type=\"widget\" data-widget_type=\"button.default\">\n\t\t\t\t\t\t\t\t\t\t<a class=\"elementor-button elementor-button-link elementor-size-sm\" href=\"tel:+34646420184\">\n\t\t\t\t\t\t<span class=\"elementor-button-content-wrapper\">\n\t\t\t\t\t\t<span class=\"elementor-button-icon\">\n\t\t\t\t<svg aria-hidden=\"true\" class=\"e-font-icon-svg e-fas-phone-alt\" viewbox=\"0 0 512 512\" xmlns=\"http:\/\/www.w3.org\/2000\/svg\"><path d=\"M497.39 361.8l-112-48a24 24 0 0 0-28 6.9l-49.6 60.6A370.66 370.66 0 0 1 130.6 204.11l60.6-49.6a23.94 23.94 0 0 0 6.9-28l-48-112A24.16 24.16 0 0 0 122.6.61l-104 24A24 24 0 0 0 0 48c0 256.5 207.9 464 464 464a24 24 0 0 0 23.4-18.6l24-104a24.29 24.29 0 0 0-14.01-27.6z\"><\/path><\/svg>\t\t\t<\/span>\n\t\t\t\t\t\t\t\t\t<span class=\"elementor-button-text\">Llamar<\/span>\n\t\t\t\t\t<\/span>\n\t\t\t\t\t<\/a>\n\t\t\t\t\t\t\t\t<\/div>\n\t\t\t\t<div class=\"elementor-element elementor-element-f5f0364 elementor-align-justify elementor-widget__width-initial elementor-mobile-align-justify elementor-widget elementor-widget-button\" data-id=\"f5f0364\" data-element_type=\"widget\" data-e-type=\"widget\" data-widget_type=\"button.default\">\n\t\t\t\t\t\t\t\t\t\t<a class=\"elementor-button elementor-button-link elementor-size-sm\" href=\"https:\/\/api.whatsapp.com\/send?phone=34646420184\">\n\t\t\t\t\t\t<span class=\"elementor-button-content-wrapper\">\n\t\t\t\t\t\t<span class=\"elementor-button-icon\">\n\t\t\t\t<svg aria-hidden=\"true\" class=\"e-font-icon-svg e-fab-whatsapp\" viewbox=\"0 0 448 512\" xmlns=\"http:\/\/www.w3.org\/2000\/svg\"><path d=\"M380.9 97.1C339 55.1 283.2 32 223.9 32c-122.4 0-222 99.6-222 222 0 39.1 10.2 77.3 29.6 111L0 480l117.7-30.9c32.4 17.7 68.9 27 106.1 27h.1c122.3 0 224.1-99.6 224.1-222 0-59.3-25.2-115-67.1-157zm-157 341.6c-33.2 0-65.7-8.9-94-25.7l-6.7-4-69.8 18.3L72 359.2l-4.4-7c-18.5-29.4-28.2-63.3-28.2-98.2 0-101.7 82.8-184.5 184.6-184.5 49.3 0 95.6 19.2 130.4 54.1 34.8 34.9 56.2 81.2 56.1 130.5 0 101.8-84.9 184.6-186.6 184.6zm101.2-138.2c-5.5-2.8-32.8-16.2-37.9-18-5.1-1.9-8.8-2.8-12.5 2.8-3.7 5.6-14.3 18-17.6 21.8-3.2 3.7-6.5 4.2-12 1.4-32.6-16.3-54-29.1-75.5-66-5.7-9.8 5.7-9.1 16.3-30.3 1.8-3.7.9-6.9-.5-9.7-1.4-2.8-12.5-30.1-17.1-41.2-4.5-10.8-9.1-9.3-12.5-9.5-3.2-.2-6.9-.2-10.6-.2-3.7 0-9.7 1.4-14.8 6.9-5.1 5.6-19.4 19-19.4 46.3 0 27.3 19.9 53.7 22.6 57.4 2.8 3.7 39.1 59.7 94.8 83.8 35.2 15.2 49 16.5 66.6 13.9 10.7-1.6 32.8-13.4 37.4-26.4 4.6-13 4.6-24.1 3.2-26.4-1.3-2.5-5-3.9-10.5-6.6z\"><\/path><\/svg>\t\t\t<\/span>\n\t\t\t\t\t\t\t\t\t<span class=\"elementor-button-text\">WhatsApp<\/span>\n\t\t\t\t\t<\/span>\n\t\t\t\t\t<\/a>\n\t\t\t\t\t\t\t\t<\/div>\n\t\t\t\t<div class=\"elementor-element elementor-element-80c701f elementor-align-justify elementor-widget__width-initial elementor-mobile-align-justify elementor-widget elementor-widget-button\" data-id=\"80c701f\" data-element_type=\"widget\" data-e-type=\"widget\" data-widget_type=\"button.default\">\n\t\t\t\t\t\t\t\t\t\t<a class=\"elementor-button elementor-button-link elementor-size-sm\" href=\"https:\/\/www.covermanager.com\/reserve\/module_restaurant\/restaurante-ChiringuitoTirabuzon\/\">\n\t\t\t\t\t\t<span class=\"elementor-button-content-wrapper\">\n\t\t\t\t\t\t\t\t\t<span class=\"elementor-button-text\">Reserva online<\/span>\n\t\t\t\t\t<\/span>\n\t\t\t\t\t<\/a>\n\t\t\t\t\t\t\t\t<\/div>\n\t\t\t\t<div class=\"elementor-element elementor-element-e4132af elementor-align-justify elementor-widget__width-initial elementor-mobile-align-justify elementor-widget elementor-widget-button\" data-id=\"e4132af\" data-element_type=\"widget\" data-e-type=\"widget\" data-widget_type=\"button.default\">\n\t\t\t\t\t\t\t\t\t\t<a class=\"elementor-button elementor-button-link elementor-size-sm\" href=\"https:\/\/tirabuzoncadiz.com\/en\/destacados\/\">\n\t\t\t\t\t\t<span class=\"elementor-button-content-wrapper\">\n\t\t\t\t\t\t\t\t\t<span class=\"elementor-button-text\">Ver Men\u00fa<\/span>\n\t\t\t\t\t<\/span>\n\t\t\t\t\t<\/a>\n\t\t\t\t\t\t\t\t<\/div>\n\t\t\t\t<div class=\"elementor-element elementor-element-b72380d elementor-align-justify elementor-widget__width-initial elementor-mobile-align-justify elementor-hidden-desktop elementor-hidden-tablet elementor-hidden-mobile elementor-widget elementor-widget-button\" data-id=\"b72380d\" data-element_type=\"widget\" data-e-type=\"widget\" data-widget_type=\"button.default\">\n\t\t\t\t\t\t\t\t\t\t<a class=\"elementor-button elementor-button-link elementor-size-sm\" href=\"https:\/\/tirabuzoncadiz.com\/en\/menu-de-navidad\/\">\n\t\t\t\t\t\t<span class=\"elementor-button-content-wrapper\">\n\t\t\t\t\t\t\t\t\t<span class=\"elementor-button-text\">Men\u00fas de Navidad<\/span>\n\t\t\t\t\t<\/span>\n\t\t\t\t\t<\/a>\n\t\t\t\t\t\t\t\t<\/div>\n\t\t\t\t\t<\/div>\n\t\t\t\t<\/div>\n\t\t<div class=\"elementor-element elementor-element-c39e097 e-flex e-con-boxed e-con e-parent\" data-id=\"c39e097\" data-element_type=\"container\" data-e-type=\"container\" data-settings=\"{&quot;background_background&quot;:&quot;classic&quot;}\">\n\t\t\t\t\t<div class=\"e-con-inner\">\n\t\t<div class=\"elementor-element elementor-element-75f3eda e-flex e-con-boxed e-con e-child\" data-id=\"75f3eda\" data-element_type=\"container\" data-e-type=\"container\">\n\t\t\t\t\t<div class=\"e-con-inner\">\n\t\t<div class=\"elementor-element elementor-element-da903cd e-con-full e-flex e-con e-child\" data-id=\"da903cd\" data-element_type=\"container\" data-e-type=\"container\">\n\t\t\t\t<div class=\"elementor-element elementor-element-e2978e9 elementor-widget__width-inherit elementor-widget elementor-widget-theme-site-logo elementor-widget-image\" data-id=\"e2978e9\" data-element_type=\"widget\" data-e-type=\"widget\" data-widget_type=\"theme-site-logo.default\">\n\t\t\t\t\t\t\t\t\t\t\t<a href=\"https:\/\/tirabuzoncadiz.com\/en\">\n\t\t\t<img decoding=\"async\" src=\"https:\/\/tirabuzoncadiz.com\/wp-content\/uploads\/2023\/02\/tirabuzon-logo.svg\" class=\"attachment-full size-full wp-image-15\" alt=\"\" \/>\t\t\t\t<\/a>\n\t\t\t\t\t\t\t\t\t\t\t<\/div>\n\t\t\t\t<div class=\"elementor-element elementor-element-62410ab elementor-widget elementor-widget-heading\" data-id=\"62410ab\" data-element_type=\"widget\" data-e-type=\"widget\" data-widget_type=\"heading.default\">\n\t\t\t\t\t<h1 class=\"elementor-heading-title elementor-size-default\">Chiringuito and restaurant in C\u00e1diz<\/h1>\t\t\t\t<\/div>\n\t\t\t\t<\/div>\n\t\t<div class=\"elementor-element elementor-element-c1995e8 e-con-full e-flex e-con e-child\" data-id=\"c1995e8\" data-element_type=\"container\" data-e-type=\"container\">\n\t\t\t\t<div class=\"elementor-element elementor-element-f9e32ab elementor-widget__width-inherit elementor-widget elementor-widget-heading\" data-id=\"f9e32ab\" data-element_type=\"widget\" data-e-type=\"widget\" data-widget_type=\"heading.default\">\n\t\t\t\t\t<h2 class=\"elementor-heading-title elementor-size-default\">Where we are:<\/h2>\t\t\t\t<\/div>\n\t\t\t\t<div class=\"elementor-element elementor-element-fd5cf58 elementor-widget__width-initial elementor-widget-tablet__width-inherit elementor-widget elementor-widget-heading\" data-id=\"fd5cf58\" data-element_type=\"widget\" data-e-type=\"widget\" data-widget_type=\"heading.default\">\n\t\t\t\t\t<p class=\"elementor-heading-title elementor-size-default\"> Av. Alcalde Manuel de la Pinta, 11E<br>11008 C\u00e1diz<\/p>\t\t\t\t<\/div>\n\t\t\t\t<div class=\"elementor-element elementor-element-53f0a6a elementor-align-justify elementor-mobile-align-justify elementor-widget__width-initial elementor-widget elementor-widget-button\" data-id=\"53f0a6a\" data-element_type=\"widget\" data-e-type=\"widget\" data-widget_type=\"button.default\">\n\t\t\t\t\t\t\t\t\t\t<a class=\"elementor-button elementor-button-link elementor-size-sm\" href=\"https:\/\/goo.gl\/maps\/c6pSnuqY7y9x3SAK8\" target=\"_blank\">\n\t\t\t\t\t\t<span class=\"elementor-button-content-wrapper\">\n\t\t\t\t\t\t\t\t\t<span class=\"elementor-button-text\">Google Maps<\/span>\n\t\t\t\t\t<\/span>\n\t\t\t\t\t<\/a>\n\t\t\t\t\t\t\t\t<\/div>\n\t\t\t\t<\/div>\n\t\t<div class=\"elementor-element elementor-element-1513af7 e-con-full e-flex e-con e-child\" data-id=\"1513af7\" data-element_type=\"container\" data-e-type=\"container\">\n\t\t\t\t<div class=\"elementor-element elementor-element-31a824e elementor-shape-circle elementor-grid-0 e-grid-align-center elementor-widget elementor-widget-social-icons\" data-id=\"31a824e\" data-element_type=\"widget\" data-e-type=\"widget\" data-widget_type=\"social-icons.default\">\n\t\t\t\t\t\t\t<div class=\"elementor-social-icons-wrapper elementor-grid\" role=\"list\">\n\t\t\t\t\t\t\t<span class=\"elementor-grid-item\" role=\"listitem\">\n\t\t\t\t\t<a class=\"elementor-icon elementor-social-icon elementor-social-icon-instagram elementor-repeater-item-a86cf71\" href=\"https:\/\/www.instagram.com\/tirabuzoncadiz\/\" target=\"_blank\">\n\t\t\t\t\t\t<span class=\"elementor-screen-only\">Instagram<\/span>\n\t\t\t\t\t\t<svg aria-hidden=\"true\" class=\"e-font-icon-svg e-fab-instagram\" viewbox=\"0 0 448 512\" xmlns=\"http:\/\/www.w3.org\/2000\/svg\"><path d=\"M224.1 141c-63.6 0-114.9 51.3-114.9 114.9s51.3 114.9 114.9 114.9S339 319.5 339 255.9 287.7 141 224.1 141zm0 189.6c-41.1 0-74.7-33.5-74.7-74.7s33.5-74.7 74.7-74.7 74.7 33.5 74.7 74.7-33.6 74.7-74.7 74.7zm146.4-194.3c0 14.9-12 26.8-26.8 26.8-14.9 0-26.8-12-26.8-26.8s12-26.8 26.8-26.8 26.8 12 26.8 26.8zm76.1 27.2c-1.7-35.9-9.9-67.7-36.2-93.9-26.2-26.2-58-34.4-93.9-36.2-37-2.1-147.9-2.1-184.9 0-35.8 1.7-67.6 9.9-93.9 36.1s-34.4 58-36.2 93.9c-2.1 37-2.1 147.9 0 184.9 1.7 35.9 9.9 67.7 36.2 93.9s58 34.4 93.9 36.2c37 2.1 147.9 2.1 184.9 0 35.9-1.7 67.7-9.9 93.9-36.2 26.2-26.2 34.4-58 36.2-93.9 2.1-37 2.1-147.8 0-184.8zM398.8 388c-7.8 19.6-22.9 34.7-42.6 42.6-29.5 11.7-99.5 9-132.1 9s-102.7 2.6-132.1-9c-19.6-7.8-34.7-22.9-42.6-42.6-11.7-29.5-9-99.5-9-132.1s-2.6-102.7 9-132.1c7.8-19.6 22.9-34.7 42.6-42.6 29.5-11.7 99.5-9 132.1-9s102.7-2.6 132.1 9c19.6 7.8 34.7 22.9 42.6 42.6 11.7 29.5 9 99.5 9 132.1s2.7 102.7-9 132.1z\"><\/path><\/svg>\t\t\t\t\t<\/a>\n\t\t\t\t<\/span>\n\t\t\t\t\t\t\t<span class=\"elementor-grid-item\" role=\"listitem\">\n\t\t\t\t\t<a class=\"elementor-icon elementor-social-icon elementor-social-icon-whatsapp elementor-repeater-item-950bba3\" href=\"https:\/\/api.whatsapp.com\/send?phone=34646420184\" target=\"_blank\">\n\t\t\t\t\t\t<span class=\"elementor-screen-only\">Whatsapp<\/span>\n\t\t\t\t\t\t<svg aria-hidden=\"true\" class=\"e-font-icon-svg e-fab-whatsapp\" viewbox=\"0 0 448 512\" xmlns=\"http:\/\/www.w3.org\/2000\/svg\"><path d=\"M380.9 97.1C339 55.1 283.2 32 223.9 32c-122.4 0-222 99.6-222 222 0 39.1 10.2 77.3 29.6 111L0 480l117.7-30.9c32.4 17.7 68.9 27 106.1 27h.1c122.3 0 224.1-99.6 224.1-222 0-59.3-25.2-115-67.1-157zm-157 341.6c-33.2 0-65.7-8.9-94-25.7l-6.7-4-69.8 18.3L72 359.2l-4.4-7c-18.5-29.4-28.2-63.3-28.2-98.2 0-101.7 82.8-184.5 184.6-184.5 49.3 0 95.6 19.2 130.4 54.1 34.8 34.9 56.2 81.2 56.1 130.5 0 101.8-84.9 184.6-186.6 184.6zm101.2-138.2c-5.5-2.8-32.8-16.2-37.9-18-5.1-1.9-8.8-2.8-12.5 2.8-3.7 5.6-14.3 18-17.6 21.8-3.2 3.7-6.5 4.2-12 1.4-32.6-16.3-54-29.1-75.5-66-5.7-9.8 5.7-9.1 16.3-30.3 1.8-3.7.9-6.9-.5-9.7-1.4-2.8-12.5-30.1-17.1-41.2-4.5-10.8-9.1-9.3-12.5-9.5-3.2-.2-6.9-.2-10.6-.2-3.7 0-9.7 1.4-14.8 6.9-5.1 5.6-19.4 19-19.4 46.3 0 27.3 19.9 53.7 22.6 57.4 2.8 3.7 39.1 59.7 94.8 83.8 35.2 15.2 49 16.5 66.6 13.9 10.7-1.6 32.8-13.4 37.4-26.4 4.6-13 4.6-24.1 3.2-26.4-1.3-2.5-5-3.9-10.5-6.6z\"><\/path><\/svg>\t\t\t\t\t<\/a>\n\t\t\t\t<\/span>\n\t\t\t\t\t<\/div>\n\t\t\t\t\t\t<\/div>\n\t\t\t\t<\/div>\n\t\t\t\t\t<\/div>\n\t\t\t\t<\/div>\n\t\t\t\t\t<\/div>\n\t\t\t\t<\/div>\n\t\t\t\t<\/div>","protected":false},"excerpt":{"rendered":"<p>Llamar WhatsApp Reserva online Ver Men\u00fa Men\u00fas de Navidad Chiringuito y restaurante en C\u00e1diz D\u00f3nde estamos: Av. Alcalde Manuel de la Pinta, 11E11008 C\u00e1diz Google Maps Instagram Whatsapp<\/p>","protected":false},"author":2,"featured_media":0,"parent":0,"menu_order":0,"comment_status":"closed","ping_status":"closed","template":"elementor_canvas","meta":{"footnotes":""},"class_list":["post-1611","page","type-page","status-publish","hentry"],"yoast_head":"<!-- This site is optimized with the Yoast SEO plugin v27.3 - https:\/\/yoast.com\/product\/yoast-seo-wordpress\/ -->\n<title>Reservar mesa Tirabuz\u00f3n C\u00e1diz | Restaurante<\/title>\n<meta name=\"description\" content=\"Reservar mesa Tirabuz\u00f3n C\u00e1diz de forma r\u00e1pida y sencilla. Disfruta de nuestra cocina y reserva tu mesa online.\" \/>\n<meta name=\"robots\" content=\"index, follow, max-snippet:-1, max-image-preview:large, max-video-preview:-1\" \/>\n<link rel=\"canonical\" href=\"https:\/\/tirabuzoncadiz.com\/en\/reservar-mesa\/\" \/>\n<meta property=\"og:locale\" content=\"en_GB\" \/>\n<meta property=\"og:type\" content=\"article\" \/>\n<meta property=\"og:title\" content=\"Reservar mesa Tirabuz\u00f3n C\u00e1diz | Restaurante\" \/>\n<meta property=\"og:description\" content=\"Reservar mesa Tirabuz\u00f3n C\u00e1diz de forma r\u00e1pida y sencilla. Disfruta de nuestra cocina y reserva tu mesa online.\" \/>\n<meta property=\"og:url\" content=\"https:\/\/tirabuzoncadiz.com\/en\/reservar-mesa\/\" \/>\n<meta property=\"og:site_name\" content=\"Tirabuz\u00f3n C\u00e1diz\" \/>\n<meta property=\"article:modified_time\" content=\"2026-03-16T09:26:03+00:00\" \/>\n<meta name=\"twitter:card\" content=\"summary_large_image\" \/>\n<meta name=\"twitter:label1\" content=\"Estimated reading time\" \/>\n\t<meta name=\"twitter:data1\" content=\"1 minute\" \/>\n<script type=\"application\/ld+json\" class=\"yoast-schema-graph\">{\"@context\":\"https:\\\/\\\/schema.org\",\"@graph\":[{\"@type\":\"WebPage\",\"@id\":\"https:\\\/\\\/tirabuzoncadiz.com\\\/reservar-mesa\\\/\",\"url\":\"https:\\\/\\\/tirabuzoncadiz.com\\\/reservar-mesa\\\/\",\"name\":\"Reservar mesa Tirabuz\u00f3n C\u00e1diz | Restaurante\",\"isPartOf\":{\"@id\":\"https:\\\/\\\/tirabuzoncadiz.com\\\/#website\"},\"datePublished\":\"2025-03-21T12:19:21+00:00\",\"dateModified\":\"2026-03-16T09:26:03+00:00\",\"description\":\"Reservar mesa Tirabuz\u00f3n C\u00e1diz de forma r\u00e1pida y sencilla. Disfruta de nuestra cocina y reserva tu mesa online.\",\"breadcrumb\":{\"@id\":\"https:\\\/\\\/tirabuzoncadiz.com\\\/reservar-mesa\\\/#breadcrumb\"},\"inLanguage\":\"en-GB\",\"potentialAction\":[{\"@type\":\"ReadAction\",\"target\":[\"https:\\\/\\\/tirabuzoncadiz.com\\\/reservar-mesa\\\/\"]}]},{\"@type\":\"BreadcrumbList\",\"@id\":\"https:\\\/\\\/tirabuzoncadiz.com\\\/reservar-mesa\\\/#breadcrumb\",\"itemListElement\":[{\"@type\":\"ListItem\",\"position\":1,\"name\":\"Portada\",\"item\":\"https:\\\/\\\/tirabuzoncadiz.com\\\/\"},{\"@type\":\"ListItem\",\"position\":2,\"name\":\"Reservar mesa\"}]},{\"@type\":\"WebSite\",\"@id\":\"https:\\\/\\\/tirabuzoncadiz.com\\\/#website\",\"url\":\"https:\\\/\\\/tirabuzoncadiz.com\\\/\",\"name\":\"Tirabuz\u00f3n C\u00e1diz\",\"description\":\"Chiringuito en C\u00e1diz\",\"publisher\":{\"@id\":\"https:\\\/\\\/tirabuzoncadiz.com\\\/#organization\"},\"potentialAction\":[{\"@type\":\"SearchAction\",\"target\":{\"@type\":\"EntryPoint\",\"urlTemplate\":\"https:\\\/\\\/tirabuzoncadiz.com\\\/?s={search_term_string}\"},\"query-input\":{\"@type\":\"PropertyValueSpecification\",\"valueRequired\":true,\"valueName\":\"search_term_string\"}}],\"inLanguage\":\"en-GB\"},{\"@type\":\"Organization\",\"@id\":\"https:\\\/\\\/tirabuzoncadiz.com\\\/#organization\",\"name\":\"Tirabuz\u00f3n C\u00e1diz\",\"url\":\"https:\\\/\\\/tirabuzoncadiz.com\\\/\",\"logo\":{\"@type\":\"ImageObject\",\"inLanguage\":\"en-GB\",\"@id\":\"https:\\\/\\\/tirabuzoncadiz.com\\\/#\\\/schema\\\/logo\\\/image\\\/\",\"url\":\"https:\\\/\\\/tirabuzoncadiz.com\\\/wp-content\\\/uploads\\\/2023\\\/02\\\/tirabuzon-logo.svg\",\"contentUrl\":\"https:\\\/\\\/tirabuzoncadiz.com\\\/wp-content\\\/uploads\\\/2023\\\/02\\\/tirabuzon-logo.svg\",\"caption\":\"Tirabuz\u00f3n C\u00e1diz\"},\"image\":{\"@id\":\"https:\\\/\\\/tirabuzoncadiz.com\\\/#\\\/schema\\\/logo\\\/image\\\/\"}}]}<\/script>\n<!-- \/ Yoast SEO plugin. -->","yoast_head_json":{"title":"Reservar mesa Tirabuz\u00f3n C\u00e1diz | Restaurante","description":"Reservar mesa Tirabuz\u00f3n C\u00e1diz de forma r\u00e1pida y sencilla. Disfruta de nuestra cocina y reserva tu mesa online.","robots":{"index":"index","follow":"follow","max-snippet":"max-snippet:-1","max-image-preview":"max-image-preview:large","max-video-preview":"max-video-preview:-1"},"canonical":"https:\/\/tirabuzoncadiz.com\/en\/reservar-mesa\/","og_locale":"en_GB","og_type":"article","og_title":"Reservar mesa Tirabuz\u00f3n C\u00e1diz | Restaurante","og_description":"Reservar mesa Tirabuz\u00f3n C\u00e1diz de forma r\u00e1pida y sencilla. Disfruta de nuestra cocina y reserva tu mesa online.","og_url":"https:\/\/tirabuzoncadiz.com\/en\/reservar-mesa\/","og_site_name":"Tirabuz\u00f3n C\u00e1diz","article_modified_time":"2026-03-16T09:26:03+00:00","twitter_card":"summary_large_image","twitter_misc":{"Estimated reading time":"1 minute"},"schema":{"@context":"https:\/\/schema.org","@graph":[{"@type":"WebPage","@id":"https:\/\/tirabuzoncadiz.com\/reservar-mesa\/","url":"https:\/\/tirabuzoncadiz.com\/reservar-mesa\/","name":"Reservar mesa Tirabuz\u00f3n C\u00e1diz | Restaurante","isPartOf":{"@id":"https:\/\/tirabuzoncadiz.com\/#website"},"datePublished":"2025-03-21T12:19:21+00:00","dateModified":"2026-03-16T09:26:03+00:00","description":"Reservar mesa Tirabuz\u00f3n C\u00e1diz de forma r\u00e1pida y sencilla. Disfruta de nuestra cocina y reserva tu mesa online.","breadcrumb":{"@id":"https:\/\/tirabuzoncadiz.com\/reservar-mesa\/#breadcrumb"},"inLanguage":"en-GB","potentialAction":[{"@type":"ReadAction","target":["https:\/\/tirabuzoncadiz.com\/reservar-mesa\/"]}]},{"@type":"BreadcrumbList","@id":"https:\/\/tirabuzoncadiz.com\/reservar-mesa\/#breadcrumb","itemListElement":[{"@type":"ListItem","position":1,"name":"Portada","item":"https:\/\/tirabuzoncadiz.com\/"},{"@type":"ListItem","position":2,"name":"Reservar mesa"}]},{"@type":"WebSite","@id":"https:\/\/tirabuzoncadiz.com\/#website","url":"https:\/\/tirabuzoncadiz.com\/","name":"Tirabuz\u00f3n C\u00e1diz","description":"Chiringuito en C\u00e1diz","publisher":{"@id":"https:\/\/tirabuzoncadiz.com\/#organization"},"potentialAction":[{"@type":"SearchAction","target":{"@type":"EntryPoint","urlTemplate":"https:\/\/tirabuzoncadiz.com\/?s={search_term_string}"},"query-input":{"@type":"PropertyValueSpecification","valueRequired":true,"valueName":"search_term_string"}}],"inLanguage":"en-GB"},{"@type":"Organization","@id":"https:\/\/tirabuzoncadiz.com\/#organization","name":"Tirabuz\u00f3n C\u00e1diz","url":"https:\/\/tirabuzoncadiz.com\/","logo":{"@type":"ImageObject","inLanguage":"en-GB","@id":"https:\/\/tirabuzoncadiz.com\/#\/schema\/logo\/image\/","url":"https:\/\/tirabuzoncadiz.com\/wp-content\/uploads\/2023\/02\/tirabuzon-logo.svg","contentUrl":"https:\/\/tirabuzoncadiz.com\/wp-content\/uploads\/2023\/02\/tirabuzon-logo.svg","caption":"Tirabuz\u00f3n C\u00e1diz"},"image":{"@id":"https:\/\/tirabuzoncadiz.com\/#\/schema\/logo\/image\/"}}]}},"_links":{"self":[{"href":"https:\/\/tirabuzoncadiz.com\/en\/wp-json\/wp\/v2\/pages\/1611","targetHints":{"allow":["GET"]}}],"collection":[{"href":"https:\/\/tirabuzoncadiz.com\/en\/wp-json\/wp\/v2\/pages"}],"about":[{"href":"https:\/\/tirabuzoncadiz.com\/en\/wp-json\/wp\/v2\/types\/page"}],"author":[{"embeddable":true,"href":"https:\/\/tirabuzoncadiz.com\/en\/wp-json\/wp\/v2\/users\/2"}],"replies":[{"embeddable":true,"href":"https:\/\/tirabuzoncadiz.com\/en\/wp-json\/wp\/v2\/comments?post=1611"}],"version-history":[{"count":6,"href":"https:\/\/tirabuzoncadiz.com\/en\/wp-json\/wp\/v2\/pages\/1611\/revisions"}],"predecessor-version":[{"id":1792,"href":"https:\/\/tirabuzoncadiz.com\/en\/wp-json\/wp\/v2\/pages\/1611\/revisions\/1792"}],"wp:attachment":[{"href":"https:\/\/tirabuzoncadiz.com\/en\/wp-json\/wp\/v2\/media?parent=1611"}],"curies":[{"name":"wp","href":"https:\/\/api.w.org\/{rel}","templated":true}]}}