{"id":1156,"date":"2023-06-23T10:49:37","date_gmt":"2023-06-23T10:49:37","guid":{"rendered":"https:\/\/tirabuzoncadiz.com\/?page_id=1156"},"modified":"2026-02-02T12:45:37","modified_gmt":"2026-02-02T11:45:37","slug":"mapa-de-la-web","status":"publish","type":"page","link":"https:\/\/tirabuzoncadiz.com\/en\/mapa-de-la-web\/","title":{"rendered":"Mapa de la web"},"content":{"rendered":"<div data-elementor-type=\"wp-page\" data-elementor-id=\"1156\" class=\"elementor elementor-1156\" data-elementor-post-type=\"page\">\n\t\t\t\t<div class=\"elementor-element elementor-element-171a986 e-flex e-con-boxed e-con e-parent\" data-id=\"171a986\" data-element_type=\"container\" data-e-type=\"container\" data-settings=\"{&quot;background_background&quot;:&quot;classic&quot;}\">\n\t\t\t\t\t<div class=\"e-con-inner\">\n\t\t\t\t<div class=\"elementor-element elementor-element-2d0a618 elementor-widget__width-inherit elementor-widget-divider--view-line elementor-widget elementor-widget-divider\" data-id=\"2d0a618\" data-element_type=\"widget\" data-e-type=\"widget\" data-widget_type=\"divider.default\">\n\t\t\t\t\t\t\t<div class=\"elementor-divider\">\n\t\t\t<span class=\"elementor-divider-separator\">\n\t\t\t\t\t\t<\/span>\n\t\t<\/div>\n\t\t\t\t\t\t<\/div>\n\t\t\t\t<div class=\"elementor-element elementor-element-c399a3f elementor-widget__width-inherit elementor-widget elementor-widget-heading\" data-id=\"c399a3f\" data-element_type=\"widget\" data-e-type=\"widget\" data-widget_type=\"heading.default\">\n\t\t\t\t\t<h4 class=\"elementor-heading-title elementor-size-default\">Mapa web<\/h4>\t\t\t\t<\/div>\n\t\t\t\t<div class=\"elementor-element elementor-element-f31ba0e elementor-widget__width-inherit elementor-widget-divider--view-line elementor-widget elementor-widget-divider\" data-id=\"f31ba0e\" data-element_type=\"widget\" data-e-type=\"widget\" data-widget_type=\"divider.default\">\n\t\t\t\t\t\t\t<div class=\"elementor-divider\">\n\t\t\t<span class=\"elementor-divider-separator\">\n\t\t\t\t\t\t<\/span>\n\t\t<\/div>\n\t\t\t\t\t\t<\/div>\n\t\t<div class=\"elementor-element elementor-element-07c2a73 e-flex e-con-boxed e-con e-parent\" data-id=\"07c2a73\" data-element_type=\"container\" data-e-type=\"container\">\n\t\t\t\t\t<div class=\"e-con-inner\">\n\t\t\t\t<div class=\"elementor-element elementor-element-f29f8f8 elementor-widget__width-auto elementor-widget-mobile__width-inherit elementor-widget elementor-widget-text-editor\" data-id=\"f29f8f8\" data-element_type=\"widget\" data-e-type=\"widget\" data-widget_type=\"text-editor.default\">\n\t\t\t\t\t\t\t\t\t<p><span style=\"text-decoration: underline; font-size: 20px;\"><strong>Web<\/strong><\/span><\/p><p><a href=\"https:\/\/tirabuzoncadiz.com\/en\/\">Inicio<\/a><\/p><p><a href=\"https:\/\/tirabuzoncadiz.com\/en\/somos\/\">About us<\/a><\/p><p><a href=\"https:\/\/tirabuzoncadiz.com\/en\/galeria\/\">Gallery<\/a><\/p><p><a href=\"https:\/\/tirabuzoncadiz.com\/en\/contacto\/\">Contact<\/a><\/p>\t\t\t\t\t\t\t\t<\/div>\n\t\t\t\t<div class=\"elementor-element elementor-element-01c0a2d elementor-widget__width-auto elementor-widget-mobile__width-inherit elementor-widget elementor-widget-text-editor\" data-id=\"01c0a2d\" data-element_type=\"widget\" data-e-type=\"widget\" data-widget_type=\"text-editor.default\">\n\t\t\t\t\t\t\t\t\t<p><span style=\"text-decoration: underline; font-size: 20px;\"><strong>Carta<\/strong><\/span><\/p><p><a href=\"https:\/\/tirabuzoncadiz.com\/en\/comidas\/\">Food<\/a><\/p><p><a href=\"https:\/\/tirabuzoncadiz.com\/en\/bebidas\/\">Drinks<\/a><\/p><p><a href=\"https:\/\/tirabuzoncadiz.com\/en\/menus\/\">Menu<\/a><\/p>\t\t\t\t\t\t\t\t<\/div>\n\t\t\t\t<div class=\"elementor-element elementor-element-9eb9f87 elementor-widget__width-auto elementor-widget elementor-widget-text-editor\" data-id=\"9eb9f87\" data-element_type=\"widget\" data-e-type=\"widget\" data-widget_type=\"text-editor.default\">\n\t\t\t\t\t\t\t\t\t<p><span style=\"text-decoration: underline; font-size: 20px;\"><strong>P\u00e1ginas legales<\/strong><\/span><\/p><p><a href=\"https:\/\/tirabuzoncadiz.com\/en\/politica-de-privacidad\/\">Pol\u00edtica de privacidad<\/a><\/p><p><a href=\"https:\/\/tirabuzoncadiz.com\/en\/politica-cookies\/\">Pol\u00edtica de cookies<\/a><\/p><p><a href=\"https:\/\/tirabuzoncadiz.com\/en\/aviso-legal\/\">Legal warning<\/a><\/p><p><a href=\"https:\/\/tirabuzoncadiz.com\/en\/accesibilidad\/\">Accessibility<\/a><\/p>\t\t\t\t\t\t\t\t<\/div>\n\t\t\t\t\t<\/div>\n\t\t\t\t<\/div>\n\t\t\t\t\t<\/div>\n\t\t\t\t<\/div>\n\t\t\t\t<\/div>","protected":false},"excerpt":{"rendered":"<p>Mapa web Web Inicio Somos Galer\u00eda Contacto Carta Comidas Bebidas Men\u00fas P\u00e1ginas legales Pol\u00edtica de privacidad Pol\u00edtica de cookies Aviso legal Accesibilidad<\/p>","protected":false},"author":2,"featured_media":0,"parent":0,"menu_order":0,"comment_status":"closed","ping_status":"closed","template":"","meta":{"footnotes":""},"class_list":["post-1156","page","type-page","status-publish","hentry"],"yoast_head":"<!-- This site is optimized with the Yoast SEO plugin v27.4 - https:\/\/yoast.com\/product\/yoast-seo-wordpress\/ -->\n<title>Mapa de la web - Tirabuz\u00f3n C\u00e1diz<\/title>\n<meta name=\"robots\" content=\"noindex, nofollow\" \/>\n<meta property=\"og:locale\" content=\"en_GB\" \/>\n<meta property=\"og:type\" content=\"article\" \/>\n<meta property=\"og:title\" content=\"Mapa de la web - Tirabuz\u00f3n C\u00e1diz\" \/>\n<meta property=\"og:description\" content=\"Mapa web Web Inicio Somos Galer\u00eda Contacto Carta Comidas Bebidas Men\u00fas P\u00e1ginas legales Pol\u00edtica de privacidad Pol\u00edtica de cookies Aviso legal Accesibilidad\" \/>\n<meta property=\"og:url\" content=\"https:\/\/tirabuzoncadiz.com\/en\/mapa-de-la-web\/\" \/>\n<meta property=\"og:site_name\" content=\"Tirabuz\u00f3n C\u00e1diz\" \/>\n<meta property=\"article:modified_time\" content=\"2026-02-02T11:45:37+00:00\" \/>\n<meta name=\"twitter:card\" content=\"summary_large_image\" \/>\n<meta name=\"twitter:label1\" content=\"Estimated reading time\" \/>\n\t<meta name=\"twitter:data1\" content=\"1 minute\" \/>\n<script type=\"application\/ld+json\" class=\"yoast-schema-graph\">{\"@context\":\"https:\\\/\\\/schema.org\",\"@graph\":[{\"@type\":\"WebPage\",\"@id\":\"https:\\\/\\\/tirabuzoncadiz.com\\\/mapa-de-la-web\\\/\",\"url\":\"https:\\\/\\\/tirabuzoncadiz.com\\\/mapa-de-la-web\\\/\",\"name\":\"Mapa de la web - Tirabuz\u00f3n C\u00e1diz\",\"isPartOf\":{\"@id\":\"https:\\\/\\\/tirabuzoncadiz.com\\\/#website\"},\"datePublished\":\"2023-06-23T10:49:37+00:00\",\"dateModified\":\"2026-02-02T11:45:37+00:00\",\"breadcrumb\":{\"@id\":\"https:\\\/\\\/tirabuzoncadiz.com\\\/mapa-de-la-web\\\/#breadcrumb\"},\"inLanguage\":\"en-GB\",\"potentialAction\":[{\"@type\":\"ReadAction\",\"target\":[\"https:\\\/\\\/tirabuzoncadiz.com\\\/mapa-de-la-web\\\/\"]}]},{\"@type\":\"BreadcrumbList\",\"@id\":\"https:\\\/\\\/tirabuzoncadiz.com\\\/mapa-de-la-web\\\/#breadcrumb\",\"itemListElement\":[{\"@type\":\"ListItem\",\"position\":1,\"name\":\"Portada\",\"item\":\"https:\\\/\\\/tirabuzoncadiz.com\\\/\"},{\"@type\":\"ListItem\",\"position\":2,\"name\":\"Mapa de la web\"}]},{\"@type\":\"WebSite\",\"@id\":\"https:\\\/\\\/tirabuzoncadiz.com\\\/#website\",\"url\":\"https:\\\/\\\/tirabuzoncadiz.com\\\/\",\"name\":\"Tirabuz\u00f3n C\u00e1diz\",\"description\":\"Chiringuito en C\u00e1diz\",\"publisher\":{\"@id\":\"https:\\\/\\\/tirabuzoncadiz.com\\\/#organization\"},\"potentialAction\":[{\"@type\":\"SearchAction\",\"target\":{\"@type\":\"EntryPoint\",\"urlTemplate\":\"https:\\\/\\\/tirabuzoncadiz.com\\\/?s={search_term_string}\"},\"query-input\":{\"@type\":\"PropertyValueSpecification\",\"valueRequired\":true,\"valueName\":\"search_term_string\"}}],\"inLanguage\":\"en-GB\"},{\"@type\":\"Organization\",\"@id\":\"https:\\\/\\\/tirabuzoncadiz.com\\\/#organization\",\"name\":\"Tirabuz\u00f3n C\u00e1diz\",\"url\":\"https:\\\/\\\/tirabuzoncadiz.com\\\/\",\"logo\":{\"@type\":\"ImageObject\",\"inLanguage\":\"en-GB\",\"@id\":\"https:\\\/\\\/tirabuzoncadiz.com\\\/#\\\/schema\\\/logo\\\/image\\\/\",\"url\":\"https:\\\/\\\/tirabuzoncadiz.com\\\/wp-content\\\/uploads\\\/2023\\\/02\\\/tirabuzon-logo.svg\",\"contentUrl\":\"https:\\\/\\\/tirabuzoncadiz.com\\\/wp-content\\\/uploads\\\/2023\\\/02\\\/tirabuzon-logo.svg\",\"caption\":\"Tirabuz\u00f3n C\u00e1diz\"},\"image\":{\"@id\":\"https:\\\/\\\/tirabuzoncadiz.com\\\/#\\\/schema\\\/logo\\\/image\\\/\"}}]}<\/script>\n<!-- \/ Yoast SEO plugin. -->","yoast_head_json":{"title":"Mapa de la web - Tirabuz\u00f3n C\u00e1diz","robots":{"index":"noindex","follow":"nofollow"},"og_locale":"en_GB","og_type":"article","og_title":"Mapa de la web - Tirabuz\u00f3n C\u00e1diz","og_description":"Mapa web Web Inicio Somos Galer\u00eda Contacto Carta Comidas Bebidas Men\u00fas P\u00e1ginas legales Pol\u00edtica de privacidad Pol\u00edtica de cookies Aviso legal Accesibilidad","og_url":"https:\/\/tirabuzoncadiz.com\/en\/mapa-de-la-web\/","og_site_name":"Tirabuz\u00f3n C\u00e1diz","article_modified_time":"2026-02-02T11:45:37+00:00","twitter_card":"summary_large_image","twitter_misc":{"Estimated reading time":"1 minute"},"schema":{"@context":"https:\/\/schema.org","@graph":[{"@type":"WebPage","@id":"https:\/\/tirabuzoncadiz.com\/mapa-de-la-web\/","url":"https:\/\/tirabuzoncadiz.com\/mapa-de-la-web\/","name":"Mapa de la web - Tirabuz\u00f3n C\u00e1diz","isPartOf":{"@id":"https:\/\/tirabuzoncadiz.com\/#website"},"datePublished":"2023-06-23T10:49:37+00:00","dateModified":"2026-02-02T11:45:37+00:00","breadcrumb":{"@id":"https:\/\/tirabuzoncadiz.com\/mapa-de-la-web\/#breadcrumb"},"inLanguage":"en-GB","potentialAction":[{"@type":"ReadAction","target":["https:\/\/tirabuzoncadiz.com\/mapa-de-la-web\/"]}]},{"@type":"BreadcrumbList","@id":"https:\/\/tirabuzoncadiz.com\/mapa-de-la-web\/#breadcrumb","itemListElement":[{"@type":"ListItem","position":1,"name":"Portada","item":"https:\/\/tirabuzoncadiz.com\/"},{"@type":"ListItem","position":2,"name":"Mapa de la web"}]},{"@type":"WebSite","@id":"https:\/\/tirabuzoncadiz.com\/#website","url":"https:\/\/tirabuzoncadiz.com\/","name":"Tirabuz\u00f3n C\u00e1diz","description":"Chiringuito en C\u00e1diz","publisher":{"@id":"https:\/\/tirabuzoncadiz.com\/#organization"},"potentialAction":[{"@type":"SearchAction","target":{"@type":"EntryPoint","urlTemplate":"https:\/\/tirabuzoncadiz.com\/?s={search_term_string}"},"query-input":{"@type":"PropertyValueSpecification","valueRequired":true,"valueName":"search_term_string"}}],"inLanguage":"en-GB"},{"@type":"Organization","@id":"https:\/\/tirabuzoncadiz.com\/#organization","name":"Tirabuz\u00f3n C\u00e1diz","url":"https:\/\/tirabuzoncadiz.com\/","logo":{"@type":"ImageObject","inLanguage":"en-GB","@id":"https:\/\/tirabuzoncadiz.com\/#\/schema\/logo\/image\/","url":"https:\/\/tirabuzoncadiz.com\/wp-content\/uploads\/2023\/02\/tirabuzon-logo.svg","contentUrl":"https:\/\/tirabuzoncadiz.com\/wp-content\/uploads\/2023\/02\/tirabuzon-logo.svg","caption":"Tirabuz\u00f3n C\u00e1diz"},"image":{"@id":"https:\/\/tirabuzoncadiz.com\/#\/schema\/logo\/image\/"}}]}},"_links":{"self":[{"href":"https:\/\/tirabuzoncadiz.com\/en\/wp-json\/wp\/v2\/pages\/1156","targetHints":{"allow":["GET"]}}],"collection":[{"href":"https:\/\/tirabuzoncadiz.com\/en\/wp-json\/wp\/v2\/pages"}],"about":[{"href":"https:\/\/tirabuzoncadiz.com\/en\/wp-json\/wp\/v2\/types\/page"}],"author":[{"embeddable":true,"href":"https:\/\/tirabuzoncadiz.com\/en\/wp-json\/wp\/v2\/users\/2"}],"replies":[{"embeddable":true,"href":"https:\/\/tirabuzoncadiz.com\/en\/wp-json\/wp\/v2\/comments?post=1156"}],"version-history":[{"count":0,"href":"https:\/\/tirabuzoncadiz.com\/en\/wp-json\/wp\/v2\/pages\/1156\/revisions"}],"wp:attachment":[{"href":"https:\/\/tirabuzoncadiz.com\/en\/wp-json\/wp\/v2\/media?parent=1156"}],"curies":[{"name":"wp","href":"https:\/\/api.w.org\/{rel}","templated":true}]}}